{"id":739,"date":"2025-05-29T14:40:30","date_gmt":"2025-05-29T11:40:30","guid":{"rendered":"https:\/\/finansowyflex.pl\/?page_id=739"},"modified":"2026-01-27T22:55:56","modified_gmt":"2026-01-27T19:55:56","slug":"finansowa-i-podatkowa-ewidencja-w-deweloperstwie-i-budownictwie","status":"publish","type":"page","link":"https:\/\/finansowyflex.pl\/pl\/finansowa-i-podatkowa-ewidencja-w-deweloperstwie-i-budownictwie\/","title":{"rendered":"FINANSOWA I PODATKOWA EWIDENCJA W DEWELOPERSTWIE I BUDOWNICTWIE"},"content":{"rendered":"<p>Rok 2025: Polska utrzymuje pozycj\u0119 lidera w budownictwie w Europie \u015arodkowej.<br \/>Pomimo globalnych wyzwa\u0144 i wzrostu cen materia\u0142\u00f3w, sektor budowlany w Polsce nadal dynamicznie ro\u015bnie.<\/p>\n<h2>ROZWOJ\u00d3W W POLSCE: JAK UNIKN\u0104\u0106 B\u0141\u0118D\u00d3W PODATKOWYCH PRZY INWESTYCJACH I BUDOWNICTWIE<\/h2>\n<p>W 2024 roku warto\u015b\u0107 rynku przekroczy\u0142a 520 miliard\u00f3w z\u0142otych, a trend ten utrzymuje si\u0119. Nowe osiedla mieszkaniowe, parki logistyczne, drogi i modernizacja infrastruktury \u2014 wszystko to potwierdza, \u017ce bran\u017ca budowlana nadal pozostaje jednym z kluczowych sektor\u00f3w polskiej gospodarki. <\/p>\n<p><img loading=\"lazy\" decoding=\"async\" class=\"only-desktop alignnone wp-image-640 size-full\" src=\"https:\/\/finansowyflex.pl\/wp-content\/uploads\/2025\/07\/budovlyanka-verh.png\" alt=\"Ksi\u0119gowo\u015b\u0107 dla firm budowlanych | Ewidencja budowlana w Polsce\" width=\"1531\" height=\"331\" srcset=\"https:\/\/finansowyflex.pl\/wp-content\/uploads\/2025\/07\/budovlyanka-verh.png 1531w, https:\/\/finansowyflex.pl\/wp-content\/uploads\/2025\/07\/budovlyanka-verh-300x65.png 300w, https:\/\/finansowyflex.pl\/wp-content\/uploads\/2025\/07\/budovlyanka-verh-1024x221.png 1024w, https:\/\/finansowyflex.pl\/wp-content\/uploads\/2025\/07\/budovlyanka-verh-768x166.png 768w\" sizes=\"(max-width: 1531px) 100vw, 1531px\" \/><\/p>\n<p><img loading=\"lazy\" decoding=\"async\" class=\"only-mobile alignnone wp-image-1231 size-full\" src=\"https:\/\/finansowyflex.pl\/wp-content\/uploads\/2025\/07\/mask-group-1.jpg\" alt=\"Audyt ksi\u0119gowy dla podwykonawc\u00f3w\" width=\"335\" height=\"331\" srcset=\"https:\/\/finansowyflex.pl\/wp-content\/uploads\/2025\/07\/mask-group-1.jpg 335w, https:\/\/finansowyflex.pl\/wp-content\/uploads\/2025\/07\/mask-group-1-300x296.jpg 300w\" sizes=\"(max-width: 335px) 100vw, 335px\" \/><\/p>\n","protected":false},"excerpt":{"rendered":"<p>Rok 2025: Polska utrzymuje pozycj\u0119 lidera w budownictwie w Europie \u015arodkowej.Pomimo globalnych wyzwa\u0144&#8230;<\/p>\n","protected":false},"author":1,"featured_media":643,"parent":0,"menu_order":0,"comment_status":"closed","ping_status":"closed","template":"templates\/torg.php","meta":{"_acf_changed":false,"footnotes":""},"class_list":["post-739","page","type-page","status-publish","has-post-thumbnail","hentry"],"acf":[],"yoast_head":"<!-- This site is optimized with the Yoast SEO plugin v27.6 - https:\/\/yoast.com\/product\/yoast-seo-wordpress\/ -->\n<title>FINANSOWA I PODATKOWA EWIDENCJA W DEWELOPERSTWIE I BUDOWNICTWIE - Finansowy Flex<\/title>\n<meta name=\"description\" content=\"Wsparcie ksi\u0119gowe w budownictwie. Rozliczenia z podwykonawcami, wyjazdy do pracy za granic\u0119, PIT, CIT, VAT. Konsultacje.\" \/>\n<meta name=\"robots\" content=\"index, follow, max-snippet:-1, max-image-preview:large, max-video-preview:-1\" \/>\n<link rel=\"canonical\" href=\"https:\/\/finansowyflex.pl\/pl\/finansowa-i-podatkowa-ewidencja-w-deweloperstwie-i-budownictwie\/\" \/>\n<meta property=\"og:locale\" content=\"pl_PL\" \/>\n<meta property=\"og:type\" content=\"article\" \/>\n<meta property=\"og:title\" content=\"FINANSOWA I PODATKOWA EWIDENCJA W DEWELOPERSTWIE I BUDOWNICTWIE - Finansowy Flex\" \/>\n<meta property=\"og:description\" content=\"Wsparcie ksi\u0119gowe w budownictwie. Rozliczenia z podwykonawcami, wyjazdy do pracy za granic\u0119, PIT, CIT, VAT. Konsultacje.\" \/>\n<meta property=\"og:url\" content=\"https:\/\/finansowyflex.pl\/pl\/finansowa-i-podatkowa-ewidencja-w-deweloperstwie-i-budownictwie\/\" \/>\n<meta property=\"og:site_name\" content=\"Finansowy Flex\" \/>\n<meta property=\"article:modified_time\" content=\"2026-01-27T19:55:56+00:00\" \/>\n<meta property=\"og:image\" content=\"https:\/\/finansowyflex.pl\/wp-content\/uploads\/2025\/07\/budovlyanka-niz.png\" \/>\n\t<meta property=\"og:image:width\" content=\"750\" \/>\n\t<meta property=\"og:image:height\" content=\"438\" \/>\n\t<meta property=\"og:image:type\" content=\"image\/png\" \/>\n<meta name=\"twitter:card\" content=\"summary_large_image\" \/>\n<meta name=\"twitter:label1\" content=\"Szacowany czas czytania\" \/>\n\t<meta name=\"twitter:data1\" content=\"1 minuta\" \/>\n<script type=\"application\/ld+json\" class=\"yoast-schema-graph\">{\"@context\":\"https:\\\/\\\/schema.org\",\"@graph\":[{\"@type\":\"WebPage\",\"@id\":\"https:\\\/\\\/finansowyflex.pl\\\/pl\\\/finansowa-i-podatkowa-ewidencja-w-deweloperstwie-i-budownictwie\\\/\",\"url\":\"https:\\\/\\\/finansowyflex.pl\\\/pl\\\/finansowa-i-podatkowa-ewidencja-w-deweloperstwie-i-budownictwie\\\/\",\"name\":\"FINANSOWA I PODATKOWA EWIDENCJA W DEWELOPERSTWIE I BUDOWNICTWIE - Finansowy Flex\",\"isPartOf\":{\"@id\":\"https:\\\/\\\/finansowyflex.pl\\\/pl\\\/#website\"},\"primaryImageOfPage\":{\"@id\":\"https:\\\/\\\/finansowyflex.pl\\\/pl\\\/finansowa-i-podatkowa-ewidencja-w-deweloperstwie-i-budownictwie\\\/#primaryimage\"},\"image\":{\"@id\":\"https:\\\/\\\/finansowyflex.pl\\\/pl\\\/finansowa-i-podatkowa-ewidencja-w-deweloperstwie-i-budownictwie\\\/#primaryimage\"},\"thumbnailUrl\":\"https:\\\/\\\/finansowyflex.pl\\\/wp-content\\\/uploads\\\/2025\\\/07\\\/budovlyanka-niz.png\",\"datePublished\":\"2025-05-29T11:40:30+00:00\",\"dateModified\":\"2026-01-27T19:55:56+00:00\",\"description\":\"Wsparcie ksi\u0119gowe w budownictwie. Rozliczenia z podwykonawcami, wyjazdy do pracy za granic\u0119, PIT, CIT, VAT. Konsultacje.\",\"breadcrumb\":{\"@id\":\"https:\\\/\\\/finansowyflex.pl\\\/pl\\\/finansowa-i-podatkowa-ewidencja-w-deweloperstwie-i-budownictwie\\\/#breadcrumb\"},\"inLanguage\":\"pl-PL\",\"potentialAction\":[{\"@type\":\"ReadAction\",\"target\":[\"https:\\\/\\\/finansowyflex.pl\\\/pl\\\/finansowa-i-podatkowa-ewidencja-w-deweloperstwie-i-budownictwie\\\/\"]}]},{\"@type\":\"ImageObject\",\"inLanguage\":\"pl-PL\",\"@id\":\"https:\\\/\\\/finansowyflex.pl\\\/pl\\\/finansowa-i-podatkowa-ewidencja-w-deweloperstwie-i-budownictwie\\\/#primaryimage\",\"url\":\"https:\\\/\\\/finansowyflex.pl\\\/wp-content\\\/uploads\\\/2025\\\/07\\\/budovlyanka-niz.png\",\"contentUrl\":\"https:\\\/\\\/finansowyflex.pl\\\/wp-content\\\/uploads\\\/2025\\\/07\\\/budovlyanka-niz.png\",\"width\":750,\"height\":438,\"caption\":\"\u0411\u0443\u0445\u0433\u0430\u043b\u0442\u0435\u0440\u0438\u044f \u0434\u043b\u044f \u0441\u0442\u0440\u043e\u0438\u0442\u0435\u043b\u044c\u043d\u044b\u0445 \u0444\u0438\u0440\u043c | \u0421\u0442\u0440\u043e\u0438\u0442\u0435\u043b\u044c\u043d\u044b\u0439 \u0443\u0447\u0451\u0442 \u0432 \u041f\u043e\u043b\u044c\u0448\u0435\"},{\"@type\":\"BreadcrumbList\",\"@id\":\"https:\\\/\\\/finansowyflex.pl\\\/pl\\\/finansowa-i-podatkowa-ewidencja-w-deweloperstwie-i-budownictwie\\\/#breadcrumb\",\"itemListElement\":[{\"@type\":\"ListItem\",\"position\":1,\"name\":\"Strona g\u0142\u00f3wna\",\"item\":\"https:\\\/\\\/finansowyflex.pl\\\/pl\\\/\"},{\"@type\":\"ListItem\",\"position\":2,\"name\":\"FINANSOWA I PODATKOWA EWIDENCJA W DEWELOPERSTWIE I BUDOWNICTWIE\"}]},{\"@type\":\"WebSite\",\"@id\":\"https:\\\/\\\/finansowyflex.pl\\\/pl\\\/#website\",\"url\":\"https:\\\/\\\/finansowyflex.pl\\\/pl\\\/\",\"name\":\"Finansowy Flex\",\"description\":\"\",\"potentialAction\":[{\"@type\":\"SearchAction\",\"target\":{\"@type\":\"EntryPoint\",\"urlTemplate\":\"https:\\\/\\\/finansowyflex.pl\\\/pl\\\/?s={search_term_string}\"},\"query-input\":{\"@type\":\"PropertyValueSpecification\",\"valueRequired\":true,\"valueName\":\"search_term_string\"}}],\"inLanguage\":\"pl-PL\"}]}<\/script>\n<!-- \/ Yoast SEO plugin. -->","yoast_head_json":{"title":"FINANSOWA I PODATKOWA EWIDENCJA W DEWELOPERSTWIE I BUDOWNICTWIE - Finansowy Flex","description":"Wsparcie ksi\u0119gowe w budownictwie. Rozliczenia z podwykonawcami, wyjazdy do pracy za granic\u0119, PIT, CIT, VAT. Konsultacje.","robots":{"index":"index","follow":"follow","max-snippet":"max-snippet:-1","max-image-preview":"max-image-preview:large","max-video-preview":"max-video-preview:-1"},"canonical":"https:\/\/finansowyflex.pl\/pl\/finansowa-i-podatkowa-ewidencja-w-deweloperstwie-i-budownictwie\/","og_locale":"pl_PL","og_type":"article","og_title":"FINANSOWA I PODATKOWA EWIDENCJA W DEWELOPERSTWIE I BUDOWNICTWIE - Finansowy Flex","og_description":"Wsparcie ksi\u0119gowe w budownictwie. Rozliczenia z podwykonawcami, wyjazdy do pracy za granic\u0119, PIT, CIT, VAT. Konsultacje.","og_url":"https:\/\/finansowyflex.pl\/pl\/finansowa-i-podatkowa-ewidencja-w-deweloperstwie-i-budownictwie\/","og_site_name":"Finansowy Flex","article_modified_time":"2026-01-27T19:55:56+00:00","og_image":[{"width":750,"height":438,"url":"https:\/\/finansowyflex.pl\/wp-content\/uploads\/2025\/07\/budovlyanka-niz.png","type":"image\/png"}],"twitter_card":"summary_large_image","twitter_misc":{"Szacowany czas czytania":"1 minuta"},"schema":{"@context":"https:\/\/schema.org","@graph":[{"@type":"WebPage","@id":"https:\/\/finansowyflex.pl\/pl\/finansowa-i-podatkowa-ewidencja-w-deweloperstwie-i-budownictwie\/","url":"https:\/\/finansowyflex.pl\/pl\/finansowa-i-podatkowa-ewidencja-w-deweloperstwie-i-budownictwie\/","name":"FINANSOWA I PODATKOWA EWIDENCJA W DEWELOPERSTWIE I BUDOWNICTWIE - Finansowy Flex","isPartOf":{"@id":"https:\/\/finansowyflex.pl\/pl\/#website"},"primaryImageOfPage":{"@id":"https:\/\/finansowyflex.pl\/pl\/finansowa-i-podatkowa-ewidencja-w-deweloperstwie-i-budownictwie\/#primaryimage"},"image":{"@id":"https:\/\/finansowyflex.pl\/pl\/finansowa-i-podatkowa-ewidencja-w-deweloperstwie-i-budownictwie\/#primaryimage"},"thumbnailUrl":"https:\/\/finansowyflex.pl\/wp-content\/uploads\/2025\/07\/budovlyanka-niz.png","datePublished":"2025-05-29T11:40:30+00:00","dateModified":"2026-01-27T19:55:56+00:00","description":"Wsparcie ksi\u0119gowe w budownictwie. Rozliczenia z podwykonawcami, wyjazdy do pracy za granic\u0119, PIT, CIT, VAT. Konsultacje.","breadcrumb":{"@id":"https:\/\/finansowyflex.pl\/pl\/finansowa-i-podatkowa-ewidencja-w-deweloperstwie-i-budownictwie\/#breadcrumb"},"inLanguage":"pl-PL","potentialAction":[{"@type":"ReadAction","target":["https:\/\/finansowyflex.pl\/pl\/finansowa-i-podatkowa-ewidencja-w-deweloperstwie-i-budownictwie\/"]}]},{"@type":"ImageObject","inLanguage":"pl-PL","@id":"https:\/\/finansowyflex.pl\/pl\/finansowa-i-podatkowa-ewidencja-w-deweloperstwie-i-budownictwie\/#primaryimage","url":"https:\/\/finansowyflex.pl\/wp-content\/uploads\/2025\/07\/budovlyanka-niz.png","contentUrl":"https:\/\/finansowyflex.pl\/wp-content\/uploads\/2025\/07\/budovlyanka-niz.png","width":750,"height":438,"caption":"\u0411\u0443\u0445\u0433\u0430\u043b\u0442\u0435\u0440\u0438\u044f \u0434\u043b\u044f \u0441\u0442\u0440\u043e\u0438\u0442\u0435\u043b\u044c\u043d\u044b\u0445 \u0444\u0438\u0440\u043c | \u0421\u0442\u0440\u043e\u0438\u0442\u0435\u043b\u044c\u043d\u044b\u0439 \u0443\u0447\u0451\u0442 \u0432 \u041f\u043e\u043b\u044c\u0448\u0435"},{"@type":"BreadcrumbList","@id":"https:\/\/finansowyflex.pl\/pl\/finansowa-i-podatkowa-ewidencja-w-deweloperstwie-i-budownictwie\/#breadcrumb","itemListElement":[{"@type":"ListItem","position":1,"name":"Strona g\u0142\u00f3wna","item":"https:\/\/finansowyflex.pl\/pl\/"},{"@type":"ListItem","position":2,"name":"FINANSOWA I PODATKOWA EWIDENCJA W DEWELOPERSTWIE I BUDOWNICTWIE"}]},{"@type":"WebSite","@id":"https:\/\/finansowyflex.pl\/pl\/#website","url":"https:\/\/finansowyflex.pl\/pl\/","name":"Finansowy Flex","description":"","potentialAction":[{"@type":"SearchAction","target":{"@type":"EntryPoint","urlTemplate":"https:\/\/finansowyflex.pl\/pl\/?s={search_term_string}"},"query-input":{"@type":"PropertyValueSpecification","valueRequired":true,"valueName":"search_term_string"}}],"inLanguage":"pl-PL"}]}},"_links":{"self":[{"href":"https:\/\/finansowyflex.pl\/pl\/wp-json\/wp\/v2\/pages\/739","targetHints":{"allow":["GET"]}}],"collection":[{"href":"https:\/\/finansowyflex.pl\/pl\/wp-json\/wp\/v2\/pages"}],"about":[{"href":"https:\/\/finansowyflex.pl\/pl\/wp-json\/wp\/v2\/types\/page"}],"author":[{"embeddable":true,"href":"https:\/\/finansowyflex.pl\/pl\/wp-json\/wp\/v2\/users\/1"}],"replies":[{"embeddable":true,"href":"https:\/\/finansowyflex.pl\/pl\/wp-json\/wp\/v2\/comments?post=739"}],"version-history":[{"count":2,"href":"https:\/\/finansowyflex.pl\/pl\/wp-json\/wp\/v2\/pages\/739\/revisions"}],"predecessor-version":[{"id":5133,"href":"https:\/\/finansowyflex.pl\/pl\/wp-json\/wp\/v2\/pages\/739\/revisions\/5133"}],"wp:featuredmedia":[{"embeddable":true,"href":"https:\/\/finansowyflex.pl\/pl\/wp-json\/wp\/v2\/media\/643"}],"wp:attachment":[{"href":"https:\/\/finansowyflex.pl\/pl\/wp-json\/wp\/v2\/media?parent=739"}],"curies":[{"name":"wp","href":"https:\/\/api.w.org\/{rel}","templated":true}]}}