{"id":4504,"date":"2025-12-11T23:30:42","date_gmt":"2025-12-11T20:30:42","guid":{"rendered":"https:\/\/finansowyflex.pl\/kadry-i-place\/"},"modified":"2026-01-01T19:47:57","modified_gmt":"2026-01-01T16:47:57","slug":"kadry-i-place","status":"publish","type":"page","link":"https:\/\/finansowyflex.pl\/pl\/kadry-i-place\/","title":{"rendered":"Kadry i p\u0142ace"},"content":{"rendered":"","protected":false},"excerpt":{"rendered":"","protected":false},"author":1,"featured_media":0,"parent":0,"menu_order":0,"comment_status":"closed","ping_status":"closed","template":"templates\/jdg.php","meta":{"_acf_changed":false,"footnotes":""},"class_list":["post-4504","page","type-page","status-publish","hentry"],"acf":[],"yoast_head":"<!-- This site is optimized with the Yoast SEO plugin v27.5 - https:\/\/yoast.com\/product\/yoast-seo-wordpress\/ -->\n<title>Kadry i p\u0142ace w Polsce | Finansowy Flex<\/title>\n<meta name=\"description\" content=\"Kompleksowa obs\u0142uga kadrowa i p\u0142acowa w Polsce. Dok\u0142adne wyliczenia i przestrzeganie wszystkich wymog\u00f3w prawnych.\" \/>\n<meta name=\"robots\" content=\"index, follow, max-snippet:-1, max-image-preview:large, max-video-preview:-1\" \/>\n<link rel=\"canonical\" href=\"https:\/\/finansowyflex.pl\/pl\/kadry-i-place\/\" \/>\n<meta property=\"og:locale\" content=\"pl_PL\" \/>\n<meta property=\"og:type\" content=\"article\" \/>\n<meta property=\"og:title\" content=\"Kadry i p\u0142ace w Polsce | Finansowy Flex\" \/>\n<meta property=\"og:description\" content=\"Kompleksowa obs\u0142uga kadrowa i p\u0142acowa w Polsce. Dok\u0142adne wyliczenia i przestrzeganie wszystkich wymog\u00f3w prawnych.\" \/>\n<meta property=\"og:url\" content=\"https:\/\/finansowyflex.pl\/pl\/kadry-i-place\/\" \/>\n<meta property=\"og:site_name\" content=\"Finansowy Flex\" \/>\n<meta property=\"article:modified_time\" content=\"2026-01-01T16:47:57+00:00\" \/>\n<meta name=\"twitter:card\" content=\"summary_large_image\" \/>\n<script type=\"application\/ld+json\" class=\"yoast-schema-graph\">{\"@context\":\"https:\\\/\\\/schema.org\",\"@graph\":[{\"@type\":\"WebPage\",\"@id\":\"https:\\\/\\\/finansowyflex.pl\\\/pl\\\/kadry-i-place\\\/\",\"url\":\"https:\\\/\\\/finansowyflex.pl\\\/pl\\\/kadry-i-place\\\/\",\"name\":\"Kadry i p\u0142ace w Polsce | Finansowy Flex\",\"isPartOf\":{\"@id\":\"https:\\\/\\\/finansowyflex.pl\\\/pl\\\/#website\"},\"datePublished\":\"2025-12-11T20:30:42+00:00\",\"dateModified\":\"2026-01-01T16:47:57+00:00\",\"description\":\"Kompleksowa obs\u0142uga kadrowa i p\u0142acowa w Polsce. Dok\u0142adne wyliczenia i przestrzeganie wszystkich wymog\u00f3w prawnych.\",\"breadcrumb\":{\"@id\":\"https:\\\/\\\/finansowyflex.pl\\\/pl\\\/kadry-i-place\\\/#breadcrumb\"},\"inLanguage\":\"pl-PL\",\"potentialAction\":[{\"@type\":\"ReadAction\",\"target\":[\"https:\\\/\\\/finansowyflex.pl\\\/pl\\\/kadry-i-place\\\/\"]}]},{\"@type\":\"BreadcrumbList\",\"@id\":\"https:\\\/\\\/finansowyflex.pl\\\/pl\\\/kadry-i-place\\\/#breadcrumb\",\"itemListElement\":[{\"@type\":\"ListItem\",\"position\":1,\"name\":\"Strona g\u0142\u00f3wna\",\"item\":\"https:\\\/\\\/finansowyflex.pl\\\/pl\\\/\"},{\"@type\":\"ListItem\",\"position\":2,\"name\":\"Kadry i p\u0142ace\"}]},{\"@type\":\"WebSite\",\"@id\":\"https:\\\/\\\/finansowyflex.pl\\\/pl\\\/#website\",\"url\":\"https:\\\/\\\/finansowyflex.pl\\\/pl\\\/\",\"name\":\"Finansowy Flex\",\"description\":\"\",\"potentialAction\":[{\"@type\":\"SearchAction\",\"target\":{\"@type\":\"EntryPoint\",\"urlTemplate\":\"https:\\\/\\\/finansowyflex.pl\\\/pl\\\/?s={search_term_string}\"},\"query-input\":{\"@type\":\"PropertyValueSpecification\",\"valueRequired\":true,\"valueName\":\"search_term_string\"}}],\"inLanguage\":\"pl-PL\"}]}<\/script>\n<!-- \/ Yoast SEO plugin. -->","yoast_head_json":{"title":"Kadry i p\u0142ace w Polsce | Finansowy Flex","description":"Kompleksowa obs\u0142uga kadrowa i p\u0142acowa w Polsce. Dok\u0142adne wyliczenia i przestrzeganie wszystkich wymog\u00f3w prawnych.","robots":{"index":"index","follow":"follow","max-snippet":"max-snippet:-1","max-image-preview":"max-image-preview:large","max-video-preview":"max-video-preview:-1"},"canonical":"https:\/\/finansowyflex.pl\/pl\/kadry-i-place\/","og_locale":"pl_PL","og_type":"article","og_title":"Kadry i p\u0142ace w Polsce | Finansowy Flex","og_description":"Kompleksowa obs\u0142uga kadrowa i p\u0142acowa w Polsce. Dok\u0142adne wyliczenia i przestrzeganie wszystkich wymog\u00f3w prawnych.","og_url":"https:\/\/finansowyflex.pl\/pl\/kadry-i-place\/","og_site_name":"Finansowy Flex","article_modified_time":"2026-01-01T16:47:57+00:00","twitter_card":"summary_large_image","schema":{"@context":"https:\/\/schema.org","@graph":[{"@type":"WebPage","@id":"https:\/\/finansowyflex.pl\/pl\/kadry-i-place\/","url":"https:\/\/finansowyflex.pl\/pl\/kadry-i-place\/","name":"Kadry i p\u0142ace w Polsce | Finansowy Flex","isPartOf":{"@id":"https:\/\/finansowyflex.pl\/pl\/#website"},"datePublished":"2025-12-11T20:30:42+00:00","dateModified":"2026-01-01T16:47:57+00:00","description":"Kompleksowa obs\u0142uga kadrowa i p\u0142acowa w Polsce. Dok\u0142adne wyliczenia i przestrzeganie wszystkich wymog\u00f3w prawnych.","breadcrumb":{"@id":"https:\/\/finansowyflex.pl\/pl\/kadry-i-place\/#breadcrumb"},"inLanguage":"pl-PL","potentialAction":[{"@type":"ReadAction","target":["https:\/\/finansowyflex.pl\/pl\/kadry-i-place\/"]}]},{"@type":"BreadcrumbList","@id":"https:\/\/finansowyflex.pl\/pl\/kadry-i-place\/#breadcrumb","itemListElement":[{"@type":"ListItem","position":1,"name":"Strona g\u0142\u00f3wna","item":"https:\/\/finansowyflex.pl\/pl\/"},{"@type":"ListItem","position":2,"name":"Kadry i p\u0142ace"}]},{"@type":"WebSite","@id":"https:\/\/finansowyflex.pl\/pl\/#website","url":"https:\/\/finansowyflex.pl\/pl\/","name":"Finansowy Flex","description":"","potentialAction":[{"@type":"SearchAction","target":{"@type":"EntryPoint","urlTemplate":"https:\/\/finansowyflex.pl\/pl\/?s={search_term_string}"},"query-input":{"@type":"PropertyValueSpecification","valueRequired":true,"valueName":"search_term_string"}}],"inLanguage":"pl-PL"}]}},"_links":{"self":[{"href":"https:\/\/finansowyflex.pl\/pl\/wp-json\/wp\/v2\/pages\/4504","targetHints":{"allow":["GET"]}}],"collection":[{"href":"https:\/\/finansowyflex.pl\/pl\/wp-json\/wp\/v2\/pages"}],"about":[{"href":"https:\/\/finansowyflex.pl\/pl\/wp-json\/wp\/v2\/types\/page"}],"author":[{"embeddable":true,"href":"https:\/\/finansowyflex.pl\/pl\/wp-json\/wp\/v2\/users\/1"}],"replies":[{"embeddable":true,"href":"https:\/\/finansowyflex.pl\/pl\/wp-json\/wp\/v2\/comments?post=4504"}],"version-history":[{"count":0,"href":"https:\/\/finansowyflex.pl\/pl\/wp-json\/wp\/v2\/pages\/4504\/revisions"}],"wp:attachment":[{"href":"https:\/\/finansowyflex.pl\/pl\/wp-json\/wp\/v2\/media?parent=4504"}],"curies":[{"name":"wp","href":"https:\/\/api.w.org\/{rel}","templated":true}]}}