{"id":4502,"date":"2025-10-24T10:14:04","date_gmt":"2025-10-24T07:14:04","guid":{"rendered":"https:\/\/finansowyflex.pl\/ksiegowosc\/"},"modified":"2026-01-04T23:26:15","modified_gmt":"2026-01-04T20:26:15","slug":"ksiegowosc","status":"publish","type":"page","link":"https:\/\/finansowyflex.pl\/pl\/ksiegowosc\/","title":{"rendered":"Ksi\u0119gowo\u015b\u0107"},"content":{"rendered":"","protected":false},"excerpt":{"rendered":"","protected":false},"author":1,"featured_media":0,"parent":0,"menu_order":0,"comment_status":"closed","ping_status":"closed","template":"templates\/jdg.php","meta":{"_acf_changed":false,"footnotes":""},"class_list":["post-4502","page","type-page","status-publish","hentry"],"acf":[],"yoast_head":"<!-- This site is optimized with the Yoast SEO plugin v27.5 - https:\/\/yoast.com\/product\/yoast-seo-wordpress\/ -->\n<title>\u0411\u0443\u0445\u0433\u0430\u043b\u0442\u0435\u0440\u0441\u044c\u043a\u0438\u0439 \u043e\u0431\u043b\u0456\u043a \u0434\u043b\u044f \u0431\u0456\u0437\u043d\u0435\u0441\u0443 \u0432 \u041f\u043e\u043b\u044c\u0449\u0456<\/title>\n<meta name=\"description\" content=\"Ksi\u0119gowo\u015b\u0107 dla biznesu w Polsce\u041f\u0440\u043e\u0444\u0435\u0441\u0456\u0439\u043d\u0438\u0439 \u0431\u0443\u0445\u0433\u0430\u043b\u0442\u0435\u0440\u0441\u044c\u043a\u0438\u0439 \u043e\u0431\u043b\u0456\u043a \u0434\u043b\u044f JDG \u0442\u0430 \u043a\u043e\u043c\u043f\u0430\u043d\u0456\u0439 \u0443 \u041f\u043e\u043b\u044c\u0449\u0456. VAT, PIT, ZUS, \u0434\u043e\u043f\u043e\u043c\u0430\u0433\u0430\u0454\u043c\u043e \u0437\u043d\u0438\u0437\u0438\u0442\u0438 \u0440\u0438\u0437\u0438\u043a\u0438 \u0442\u0430 \u043e\u043f\u0442\u0438\u043c\u0456\u0437\u0443\u0432\u0430\u0442\u0438 \u043f\u043e\u0434\u0430\u0442\u043a\u0438.\" \/>\n<meta name=\"robots\" content=\"index, follow, max-snippet:-1, max-image-preview:large, max-video-preview:-1\" \/>\n<link rel=\"canonical\" href=\"https:\/\/finansowyflex.pl\/pl\/ksiegowosc\/\" \/>\n<meta property=\"og:locale\" content=\"pl_PL\" \/>\n<meta property=\"og:type\" content=\"article\" \/>\n<meta property=\"og:title\" content=\"\u0411\u0443\u0445\u0433\u0430\u043b\u0442\u0435\u0440\u0441\u044c\u043a\u0438\u0439 \u043e\u0431\u043b\u0456\u043a \u0434\u043b\u044f \u0431\u0456\u0437\u043d\u0435\u0441\u0443 \u0432 \u041f\u043e\u043b\u044c\u0449\u0456\" \/>\n<meta property=\"og:description\" content=\"Ksi\u0119gowo\u015b\u0107 dla biznesu w Polsce\u041f\u0440\u043e\u0444\u0435\u0441\u0456\u0439\u043d\u0438\u0439 \u0431\u0443\u0445\u0433\u0430\u043b\u0442\u0435\u0440\u0441\u044c\u043a\u0438\u0439 \u043e\u0431\u043b\u0456\u043a \u0434\u043b\u044f JDG \u0442\u0430 \u043a\u043e\u043c\u043f\u0430\u043d\u0456\u0439 \u0443 \u041f\u043e\u043b\u044c\u0449\u0456. VAT, PIT, ZUS, \u0434\u043e\u043f\u043e\u043c\u0430\u0433\u0430\u0454\u043c\u043e \u0437\u043d\u0438\u0437\u0438\u0442\u0438 \u0440\u0438\u0437\u0438\u043a\u0438 \u0442\u0430 \u043e\u043f\u0442\u0438\u043c\u0456\u0437\u0443\u0432\u0430\u0442\u0438 \u043f\u043e\u0434\u0430\u0442\u043a\u0438.\" \/>\n<meta property=\"og:url\" content=\"https:\/\/finansowyflex.pl\/pl\/ksiegowosc\/\" \/>\n<meta property=\"og:site_name\" content=\"Finansowy Flex\" \/>\n<meta property=\"article:modified_time\" content=\"2026-01-04T20:26:15+00:00\" \/>\n<meta name=\"twitter:card\" content=\"summary_large_image\" \/>\n<script type=\"application\/ld+json\" class=\"yoast-schema-graph\">{\"@context\":\"https:\\\/\\\/schema.org\",\"@graph\":[{\"@type\":\"WebPage\",\"@id\":\"https:\\\/\\\/finansowyflex.pl\\\/pl\\\/ksiegowosc\\\/\",\"url\":\"https:\\\/\\\/finansowyflex.pl\\\/pl\\\/ksiegowosc\\\/\",\"name\":\"\u0411\u0443\u0445\u0433\u0430\u043b\u0442\u0435\u0440\u0441\u044c\u043a\u0438\u0439 \u043e\u0431\u043b\u0456\u043a \u0434\u043b\u044f \u0431\u0456\u0437\u043d\u0435\u0441\u0443 \u0432 \u041f\u043e\u043b\u044c\u0449\u0456\",\"isPartOf\":{\"@id\":\"https:\\\/\\\/finansowyflex.pl\\\/pl\\\/#website\"},\"datePublished\":\"2025-10-24T07:14:04+00:00\",\"dateModified\":\"2026-01-04T20:26:15+00:00\",\"description\":\"Ksi\u0119gowo\u015b\u0107 dla biznesu w Polsce\u041f\u0440\u043e\u0444\u0435\u0441\u0456\u0439\u043d\u0438\u0439 \u0431\u0443\u0445\u0433\u0430\u043b\u0442\u0435\u0440\u0441\u044c\u043a\u0438\u0439 \u043e\u0431\u043b\u0456\u043a \u0434\u043b\u044f JDG \u0442\u0430 \u043a\u043e\u043c\u043f\u0430\u043d\u0456\u0439 \u0443 \u041f\u043e\u043b\u044c\u0449\u0456. VAT, PIT, ZUS, \u0434\u043e\u043f\u043e\u043c\u0430\u0433\u0430\u0454\u043c\u043e \u0437\u043d\u0438\u0437\u0438\u0442\u0438 \u0440\u0438\u0437\u0438\u043a\u0438 \u0442\u0430 \u043e\u043f\u0442\u0438\u043c\u0456\u0437\u0443\u0432\u0430\u0442\u0438 \u043f\u043e\u0434\u0430\u0442\u043a\u0438.\",\"breadcrumb\":{\"@id\":\"https:\\\/\\\/finansowyflex.pl\\\/pl\\\/ksiegowosc\\\/#breadcrumb\"},\"inLanguage\":\"pl-PL\",\"potentialAction\":[{\"@type\":\"ReadAction\",\"target\":[\"https:\\\/\\\/finansowyflex.pl\\\/pl\\\/ksiegowosc\\\/\"]}]},{\"@type\":\"BreadcrumbList\",\"@id\":\"https:\\\/\\\/finansowyflex.pl\\\/pl\\\/ksiegowosc\\\/#breadcrumb\",\"itemListElement\":[{\"@type\":\"ListItem\",\"position\":1,\"name\":\"Strona g\u0142\u00f3wna\",\"item\":\"https:\\\/\\\/finansowyflex.pl\\\/pl\\\/\"},{\"@type\":\"ListItem\",\"position\":2,\"name\":\"Ksi\u0119gowo\u015b\u0107\"}]},{\"@type\":\"WebSite\",\"@id\":\"https:\\\/\\\/finansowyflex.pl\\\/pl\\\/#website\",\"url\":\"https:\\\/\\\/finansowyflex.pl\\\/pl\\\/\",\"name\":\"Finansowy Flex\",\"description\":\"\",\"potentialAction\":[{\"@type\":\"SearchAction\",\"target\":{\"@type\":\"EntryPoint\",\"urlTemplate\":\"https:\\\/\\\/finansowyflex.pl\\\/pl\\\/?s={search_term_string}\"},\"query-input\":{\"@type\":\"PropertyValueSpecification\",\"valueRequired\":true,\"valueName\":\"search_term_string\"}}],\"inLanguage\":\"pl-PL\"}]}<\/script>\n<!-- \/ Yoast SEO plugin. -->","yoast_head_json":{"title":"\u0411\u0443\u0445\u0433\u0430\u043b\u0442\u0435\u0440\u0441\u044c\u043a\u0438\u0439 \u043e\u0431\u043b\u0456\u043a \u0434\u043b\u044f \u0431\u0456\u0437\u043d\u0435\u0441\u0443 \u0432 \u041f\u043e\u043b\u044c\u0449\u0456","description":"Ksi\u0119gowo\u015b\u0107 dla biznesu w Polsce\u041f\u0440\u043e\u0444\u0435\u0441\u0456\u0439\u043d\u0438\u0439 \u0431\u0443\u0445\u0433\u0430\u043b\u0442\u0435\u0440\u0441\u044c\u043a\u0438\u0439 \u043e\u0431\u043b\u0456\u043a \u0434\u043b\u044f JDG \u0442\u0430 \u043a\u043e\u043c\u043f\u0430\u043d\u0456\u0439 \u0443 \u041f\u043e\u043b\u044c\u0449\u0456. VAT, PIT, ZUS, \u0434\u043e\u043f\u043e\u043c\u0430\u0433\u0430\u0454\u043c\u043e \u0437\u043d\u0438\u0437\u0438\u0442\u0438 \u0440\u0438\u0437\u0438\u043a\u0438 \u0442\u0430 \u043e\u043f\u0442\u0438\u043c\u0456\u0437\u0443\u0432\u0430\u0442\u0438 \u043f\u043e\u0434\u0430\u0442\u043a\u0438.","robots":{"index":"index","follow":"follow","max-snippet":"max-snippet:-1","max-image-preview":"max-image-preview:large","max-video-preview":"max-video-preview:-1"},"canonical":"https:\/\/finansowyflex.pl\/pl\/ksiegowosc\/","og_locale":"pl_PL","og_type":"article","og_title":"\u0411\u0443\u0445\u0433\u0430\u043b\u0442\u0435\u0440\u0441\u044c\u043a\u0438\u0439 \u043e\u0431\u043b\u0456\u043a \u0434\u043b\u044f \u0431\u0456\u0437\u043d\u0435\u0441\u0443 \u0432 \u041f\u043e\u043b\u044c\u0449\u0456","og_description":"Ksi\u0119gowo\u015b\u0107 dla biznesu w Polsce\u041f\u0440\u043e\u0444\u0435\u0441\u0456\u0439\u043d\u0438\u0439 \u0431\u0443\u0445\u0433\u0430\u043b\u0442\u0435\u0440\u0441\u044c\u043a\u0438\u0439 \u043e\u0431\u043b\u0456\u043a \u0434\u043b\u044f JDG \u0442\u0430 \u043a\u043e\u043c\u043f\u0430\u043d\u0456\u0439 \u0443 \u041f\u043e\u043b\u044c\u0449\u0456. VAT, PIT, ZUS, \u0434\u043e\u043f\u043e\u043c\u0430\u0433\u0430\u0454\u043c\u043e \u0437\u043d\u0438\u0437\u0438\u0442\u0438 \u0440\u0438\u0437\u0438\u043a\u0438 \u0442\u0430 \u043e\u043f\u0442\u0438\u043c\u0456\u0437\u0443\u0432\u0430\u0442\u0438 \u043f\u043e\u0434\u0430\u0442\u043a\u0438.","og_url":"https:\/\/finansowyflex.pl\/pl\/ksiegowosc\/","og_site_name":"Finansowy Flex","article_modified_time":"2026-01-04T20:26:15+00:00","twitter_card":"summary_large_image","schema":{"@context":"https:\/\/schema.org","@graph":[{"@type":"WebPage","@id":"https:\/\/finansowyflex.pl\/pl\/ksiegowosc\/","url":"https:\/\/finansowyflex.pl\/pl\/ksiegowosc\/","name":"\u0411\u0443\u0445\u0433\u0430\u043b\u0442\u0435\u0440\u0441\u044c\u043a\u0438\u0439 \u043e\u0431\u043b\u0456\u043a \u0434\u043b\u044f \u0431\u0456\u0437\u043d\u0435\u0441\u0443 \u0432 \u041f\u043e\u043b\u044c\u0449\u0456","isPartOf":{"@id":"https:\/\/finansowyflex.pl\/pl\/#website"},"datePublished":"2025-10-24T07:14:04+00:00","dateModified":"2026-01-04T20:26:15+00:00","description":"Ksi\u0119gowo\u015b\u0107 dla biznesu w Polsce\u041f\u0440\u043e\u0444\u0435\u0441\u0456\u0439\u043d\u0438\u0439 \u0431\u0443\u0445\u0433\u0430\u043b\u0442\u0435\u0440\u0441\u044c\u043a\u0438\u0439 \u043e\u0431\u043b\u0456\u043a \u0434\u043b\u044f JDG \u0442\u0430 \u043a\u043e\u043c\u043f\u0430\u043d\u0456\u0439 \u0443 \u041f\u043e\u043b\u044c\u0449\u0456. VAT, PIT, ZUS, \u0434\u043e\u043f\u043e\u043c\u0430\u0433\u0430\u0454\u043c\u043e \u0437\u043d\u0438\u0437\u0438\u0442\u0438 \u0440\u0438\u0437\u0438\u043a\u0438 \u0442\u0430 \u043e\u043f\u0442\u0438\u043c\u0456\u0437\u0443\u0432\u0430\u0442\u0438 \u043f\u043e\u0434\u0430\u0442\u043a\u0438.","breadcrumb":{"@id":"https:\/\/finansowyflex.pl\/pl\/ksiegowosc\/#breadcrumb"},"inLanguage":"pl-PL","potentialAction":[{"@type":"ReadAction","target":["https:\/\/finansowyflex.pl\/pl\/ksiegowosc\/"]}]},{"@type":"BreadcrumbList","@id":"https:\/\/finansowyflex.pl\/pl\/ksiegowosc\/#breadcrumb","itemListElement":[{"@type":"ListItem","position":1,"name":"Strona g\u0142\u00f3wna","item":"https:\/\/finansowyflex.pl\/pl\/"},{"@type":"ListItem","position":2,"name":"Ksi\u0119gowo\u015b\u0107"}]},{"@type":"WebSite","@id":"https:\/\/finansowyflex.pl\/pl\/#website","url":"https:\/\/finansowyflex.pl\/pl\/","name":"Finansowy Flex","description":"","potentialAction":[{"@type":"SearchAction","target":{"@type":"EntryPoint","urlTemplate":"https:\/\/finansowyflex.pl\/pl\/?s={search_term_string}"},"query-input":{"@type":"PropertyValueSpecification","valueRequired":true,"valueName":"search_term_string"}}],"inLanguage":"pl-PL"}]}},"_links":{"self":[{"href":"https:\/\/finansowyflex.pl\/pl\/wp-json\/wp\/v2\/pages\/4502","targetHints":{"allow":["GET"]}}],"collection":[{"href":"https:\/\/finansowyflex.pl\/pl\/wp-json\/wp\/v2\/pages"}],"about":[{"href":"https:\/\/finansowyflex.pl\/pl\/wp-json\/wp\/v2\/types\/page"}],"author":[{"embeddable":true,"href":"https:\/\/finansowyflex.pl\/pl\/wp-json\/wp\/v2\/users\/1"}],"replies":[{"embeddable":true,"href":"https:\/\/finansowyflex.pl\/pl\/wp-json\/wp\/v2\/comments?post=4502"}],"version-history":[{"count":0,"href":"https:\/\/finansowyflex.pl\/pl\/wp-json\/wp\/v2\/pages\/4502\/revisions"}],"wp:attachment":[{"href":"https:\/\/finansowyflex.pl\/pl\/wp-json\/wp\/v2\/media?parent=4502"}],"curies":[{"name":"wp","href":"https:\/\/api.w.org\/{rel}","templated":true}]}}