{"id":4501,"date":"2025-10-23T11:17:50","date_gmt":"2025-10-23T08:17:50","guid":{"rendered":"https:\/\/finansowyflex.pl\/rachunkowosc-zarzadcza\/"},"modified":"2026-01-04T23:52:33","modified_gmt":"2026-01-04T20:52:33","slug":"rachunkowosc-zarzadcza","status":"publish","type":"page","link":"https:\/\/finansowyflex.pl\/pl\/rachunkowosc-zarzadcza\/","title":{"rendered":"Rachunkowo\u015b\u0107 zarz\u0105dcza"},"content":{"rendered":"","protected":false},"excerpt":{"rendered":"","protected":false},"author":1,"featured_media":0,"parent":0,"menu_order":0,"comment_status":"closed","ping_status":"closed","template":"templates\/jdg.php","meta":{"_acf_changed":false,"footnotes":""},"class_list":["post-4501","page","type-page","status-publish","hentry"],"acf":[],"yoast_head":"<!-- This site is optimized with the Yoast SEO plugin v27.5 - https:\/\/yoast.com\/product\/yoast-seo-wordpress\/ -->\n<title>Rachunkowo\u015b\u0107 zarz\u0105dcza: raporty, analiza, kontrola finansowa<\/title>\n<meta name=\"description\" content=\"Rachunkowo\u015b\u0107 zarz\u0105dcza dla biznesu: analiza finansowa, raporty, kontrola koszt\u00f3w i zysk\u00f3w. Pomagamy podejmowa\u0107 precyzyjne decyzje zarz\u0105dcze.\" \/>\n<meta name=\"robots\" content=\"index, follow, max-snippet:-1, max-image-preview:large, max-video-preview:-1\" \/>\n<link rel=\"canonical\" href=\"https:\/\/finansowyflex.pl\/pl\/rachunkowosc-zarzadcza\/\" \/>\n<meta property=\"og:locale\" content=\"pl_PL\" \/>\n<meta property=\"og:type\" content=\"article\" \/>\n<meta property=\"og:title\" content=\"Rachunkowo\u015b\u0107 zarz\u0105dcza: raporty, analiza, kontrola finansowa\" \/>\n<meta property=\"og:description\" content=\"Rachunkowo\u015b\u0107 zarz\u0105dcza dla biznesu: analiza finansowa, raporty, kontrola koszt\u00f3w i zysk\u00f3w. Pomagamy podejmowa\u0107 precyzyjne decyzje zarz\u0105dcze.\" \/>\n<meta property=\"og:url\" content=\"https:\/\/finansowyflex.pl\/pl\/rachunkowosc-zarzadcza\/\" \/>\n<meta property=\"og:site_name\" content=\"Finansowy Flex\" \/>\n<meta property=\"article:modified_time\" content=\"2026-01-04T20:52:33+00:00\" \/>\n<meta name=\"twitter:card\" content=\"summary_large_image\" \/>\n<script type=\"application\/ld+json\" class=\"yoast-schema-graph\">{\"@context\":\"https:\\\/\\\/schema.org\",\"@graph\":[{\"@type\":\"WebPage\",\"@id\":\"https:\\\/\\\/finansowyflex.pl\\\/pl\\\/rachunkowosc-zarzadcza\\\/\",\"url\":\"https:\\\/\\\/finansowyflex.pl\\\/pl\\\/rachunkowosc-zarzadcza\\\/\",\"name\":\"Rachunkowo\u015b\u0107 zarz\u0105dcza: raporty, analiza, kontrola finansowa\",\"isPartOf\":{\"@id\":\"https:\\\/\\\/finansowyflex.pl\\\/pl\\\/#website\"},\"datePublished\":\"2025-10-23T08:17:50+00:00\",\"dateModified\":\"2026-01-04T20:52:33+00:00\",\"description\":\"Rachunkowo\u015b\u0107 zarz\u0105dcza dla biznesu: analiza finansowa, raporty, kontrola koszt\u00f3w i zysk\u00f3w. Pomagamy podejmowa\u0107 precyzyjne decyzje zarz\u0105dcze.\",\"breadcrumb\":{\"@id\":\"https:\\\/\\\/finansowyflex.pl\\\/pl\\\/rachunkowosc-zarzadcza\\\/#breadcrumb\"},\"inLanguage\":\"pl-PL\",\"potentialAction\":[{\"@type\":\"ReadAction\",\"target\":[\"https:\\\/\\\/finansowyflex.pl\\\/pl\\\/rachunkowosc-zarzadcza\\\/\"]}]},{\"@type\":\"BreadcrumbList\",\"@id\":\"https:\\\/\\\/finansowyflex.pl\\\/pl\\\/rachunkowosc-zarzadcza\\\/#breadcrumb\",\"itemListElement\":[{\"@type\":\"ListItem\",\"position\":1,\"name\":\"Strona g\u0142\u00f3wna\",\"item\":\"https:\\\/\\\/finansowyflex.pl\\\/pl\\\/\"},{\"@type\":\"ListItem\",\"position\":2,\"name\":\"Rachunkowo\u015b\u0107 zarz\u0105dcza\"}]},{\"@type\":\"WebSite\",\"@id\":\"https:\\\/\\\/finansowyflex.pl\\\/pl\\\/#website\",\"url\":\"https:\\\/\\\/finansowyflex.pl\\\/pl\\\/\",\"name\":\"Finansowy Flex\",\"description\":\"\",\"potentialAction\":[{\"@type\":\"SearchAction\",\"target\":{\"@type\":\"EntryPoint\",\"urlTemplate\":\"https:\\\/\\\/finansowyflex.pl\\\/pl\\\/?s={search_term_string}\"},\"query-input\":{\"@type\":\"PropertyValueSpecification\",\"valueRequired\":true,\"valueName\":\"search_term_string\"}}],\"inLanguage\":\"pl-PL\"}]}<\/script>\n<!-- \/ Yoast SEO plugin. -->","yoast_head_json":{"title":"Rachunkowo\u015b\u0107 zarz\u0105dcza: raporty, analiza, kontrola finansowa","description":"Rachunkowo\u015b\u0107 zarz\u0105dcza dla biznesu: analiza finansowa, raporty, kontrola koszt\u00f3w i zysk\u00f3w. Pomagamy podejmowa\u0107 precyzyjne decyzje zarz\u0105dcze.","robots":{"index":"index","follow":"follow","max-snippet":"max-snippet:-1","max-image-preview":"max-image-preview:large","max-video-preview":"max-video-preview:-1"},"canonical":"https:\/\/finansowyflex.pl\/pl\/rachunkowosc-zarzadcza\/","og_locale":"pl_PL","og_type":"article","og_title":"Rachunkowo\u015b\u0107 zarz\u0105dcza: raporty, analiza, kontrola finansowa","og_description":"Rachunkowo\u015b\u0107 zarz\u0105dcza dla biznesu: analiza finansowa, raporty, kontrola koszt\u00f3w i zysk\u00f3w. Pomagamy podejmowa\u0107 precyzyjne decyzje zarz\u0105dcze.","og_url":"https:\/\/finansowyflex.pl\/pl\/rachunkowosc-zarzadcza\/","og_site_name":"Finansowy Flex","article_modified_time":"2026-01-04T20:52:33+00:00","twitter_card":"summary_large_image","schema":{"@context":"https:\/\/schema.org","@graph":[{"@type":"WebPage","@id":"https:\/\/finansowyflex.pl\/pl\/rachunkowosc-zarzadcza\/","url":"https:\/\/finansowyflex.pl\/pl\/rachunkowosc-zarzadcza\/","name":"Rachunkowo\u015b\u0107 zarz\u0105dcza: raporty, analiza, kontrola finansowa","isPartOf":{"@id":"https:\/\/finansowyflex.pl\/pl\/#website"},"datePublished":"2025-10-23T08:17:50+00:00","dateModified":"2026-01-04T20:52:33+00:00","description":"Rachunkowo\u015b\u0107 zarz\u0105dcza dla biznesu: analiza finansowa, raporty, kontrola koszt\u00f3w i zysk\u00f3w. Pomagamy podejmowa\u0107 precyzyjne decyzje zarz\u0105dcze.","breadcrumb":{"@id":"https:\/\/finansowyflex.pl\/pl\/rachunkowosc-zarzadcza\/#breadcrumb"},"inLanguage":"pl-PL","potentialAction":[{"@type":"ReadAction","target":["https:\/\/finansowyflex.pl\/pl\/rachunkowosc-zarzadcza\/"]}]},{"@type":"BreadcrumbList","@id":"https:\/\/finansowyflex.pl\/pl\/rachunkowosc-zarzadcza\/#breadcrumb","itemListElement":[{"@type":"ListItem","position":1,"name":"Strona g\u0142\u00f3wna","item":"https:\/\/finansowyflex.pl\/pl\/"},{"@type":"ListItem","position":2,"name":"Rachunkowo\u015b\u0107 zarz\u0105dcza"}]},{"@type":"WebSite","@id":"https:\/\/finansowyflex.pl\/pl\/#website","url":"https:\/\/finansowyflex.pl\/pl\/","name":"Finansowy Flex","description":"","potentialAction":[{"@type":"SearchAction","target":{"@type":"EntryPoint","urlTemplate":"https:\/\/finansowyflex.pl\/pl\/?s={search_term_string}"},"query-input":{"@type":"PropertyValueSpecification","valueRequired":true,"valueName":"search_term_string"}}],"inLanguage":"pl-PL"}]}},"_links":{"self":[{"href":"https:\/\/finansowyflex.pl\/pl\/wp-json\/wp\/v2\/pages\/4501","targetHints":{"allow":["GET"]}}],"collection":[{"href":"https:\/\/finansowyflex.pl\/pl\/wp-json\/wp\/v2\/pages"}],"about":[{"href":"https:\/\/finansowyflex.pl\/pl\/wp-json\/wp\/v2\/types\/page"}],"author":[{"embeddable":true,"href":"https:\/\/finansowyflex.pl\/pl\/wp-json\/wp\/v2\/users\/1"}],"replies":[{"embeddable":true,"href":"https:\/\/finansowyflex.pl\/pl\/wp-json\/wp\/v2\/comments?post=4501"}],"version-history":[{"count":0,"href":"https:\/\/finansowyflex.pl\/pl\/wp-json\/wp\/v2\/pages\/4501\/revisions"}],"wp:attachment":[{"href":"https:\/\/finansowyflex.pl\/pl\/wp-json\/wp\/v2\/media?parent=4501"}],"curies":[{"name":"wp","href":"https:\/\/api.w.org\/{rel}","templated":true}]}}