{"id":2926,"date":"2025-06-17T18:26:53","date_gmt":"2025-06-17T15:26:53","guid":{"rendered":"https:\/\/finansowyflex.pl\/pytania-i-odpowiedzi\/"},"modified":"2025-08-31T23:15:08","modified_gmt":"2025-08-31T20:15:08","slug":"pytania-i-odpowiedzi","status":"publish","type":"page","link":"https:\/\/finansowyflex.pl\/pl\/pytania-i-odpowiedzi\/","title":{"rendered":"Pytania i odpowiedzi"},"content":{"rendered":"<h2>NAJCZ\u0118\u015aCIEJ ZADAWANE PYTANIA DOTYCZ\u0104CE KSI\u0118GOWO\u015aCI I PODATK\u00d3W W POLSCE<\/h2>\n<p>W tej sekcji znajdziesz przyst\u0119pne odpowiedzi na najcz\u0119\u015bciej zadawane pytania dotycz\u0105ce ksi\u0119gowo\u015bci, podatk\u00f3w, ZUS, rejestracji firm (JDG, sp. z o.o.), VAT i innych temat\u00f3w. Regularnie aktualizujemy materia\u0142y, aby pom\u00f3c Ci unika\u0107 b\u0142\u0119d\u00f3w i wybiera\u0107 najlepsze rozwi\u0105zania dla Twojego biznesu w Polsce.<\/p>\n","protected":false},"excerpt":{"rendered":"<p>NAJCZ\u0118\u015aCIEJ ZADAWANE PYTANIA DOTYCZ\u0104CE KSI\u0118GOWO\u015aCI I PODATK\u00d3W W POLSCE W tej sekcji znajdziesz&#8230;<\/p>\n","protected":false},"author":1,"featured_media":0,"parent":0,"menu_order":0,"comment_status":"closed","ping_status":"closed","template":"templates\/faqs.php","meta":{"_acf_changed":false,"footnotes":""},"class_list":["post-2926","page","type-page","status-publish","hentry"],"acf":[],"yoast_head":"<!-- This site is optimized with the Yoast SEO plugin v27.6 - https:\/\/yoast.com\/product\/yoast-seo-wordpress\/ -->\n<title>Najcz\u0119\u015bciej zadawane pytania \u2014 ksi\u0119gowo\u015b\u0107 w Polsce<\/title>\n<meta name=\"description\" content=\"Odpowiedzi na najcz\u0119\u015bciej zadawane pytania dotycz\u0105ce ksi\u0119gowo\u015bci w Polsce: jak p\u0142aci\u0107 podatki, czy potrzebna jest kasa fiskalna, co z VAT, kiedy sk\u0142ada\u0107 sprawozdania.\" \/>\n<meta name=\"robots\" content=\"index, follow, max-snippet:-1, max-image-preview:large, max-video-preview:-1\" \/>\n<link rel=\"canonical\" href=\"https:\/\/finansowyflex.pl\/pl\/pytania-i-odpowiedzi\/\" \/>\n<meta property=\"og:locale\" content=\"pl_PL\" \/>\n<meta property=\"og:type\" content=\"article\" \/>\n<meta property=\"og:title\" content=\"Najcz\u0119\u015bciej zadawane pytania \u2014 ksi\u0119gowo\u015b\u0107 w Polsce\" \/>\n<meta property=\"og:description\" content=\"Odpowiedzi na najcz\u0119\u015bciej zadawane pytania dotycz\u0105ce ksi\u0119gowo\u015bci w Polsce: jak p\u0142aci\u0107 podatki, czy potrzebna jest kasa fiskalna, co z VAT, kiedy sk\u0142ada\u0107 sprawozdania.\" \/>\n<meta property=\"og:url\" content=\"https:\/\/finansowyflex.pl\/pl\/pytania-i-odpowiedzi\/\" \/>\n<meta property=\"og:site_name\" content=\"Finansowy Flex\" \/>\n<meta property=\"article:modified_time\" content=\"2025-08-31T20:15:08+00:00\" \/>\n<meta name=\"twitter:card\" content=\"summary_large_image\" \/>\n<meta name=\"twitter:label1\" content=\"Szacowany czas czytania\" \/>\n\t<meta name=\"twitter:data1\" content=\"1 minuta\" \/>\n<script type=\"application\/ld+json\" class=\"yoast-schema-graph\">{\"@context\":\"https:\\\/\\\/schema.org\",\"@graph\":[{\"@type\":\"WebPage\",\"@id\":\"https:\\\/\\\/finansowyflex.pl\\\/pl\\\/pytania-i-odpowiedzi\\\/\",\"url\":\"https:\\\/\\\/finansowyflex.pl\\\/pl\\\/pytania-i-odpowiedzi\\\/\",\"name\":\"Najcz\u0119\u015bciej zadawane pytania \u2014 ksi\u0119gowo\u015b\u0107 w Polsce\",\"isPartOf\":{\"@id\":\"https:\\\/\\\/finansowyflex.pl\\\/pl\\\/#website\"},\"datePublished\":\"2025-06-17T15:26:53+00:00\",\"dateModified\":\"2025-08-31T20:15:08+00:00\",\"description\":\"Odpowiedzi na najcz\u0119\u015bciej zadawane pytania dotycz\u0105ce ksi\u0119gowo\u015bci w Polsce: jak p\u0142aci\u0107 podatki, czy potrzebna jest kasa fiskalna, co z VAT, kiedy sk\u0142ada\u0107 sprawozdania.\",\"breadcrumb\":{\"@id\":\"https:\\\/\\\/finansowyflex.pl\\\/pl\\\/pytania-i-odpowiedzi\\\/#breadcrumb\"},\"inLanguage\":\"pl-PL\",\"potentialAction\":[{\"@type\":\"ReadAction\",\"target\":[\"https:\\\/\\\/finansowyflex.pl\\\/pl\\\/pytania-i-odpowiedzi\\\/\"]}]},{\"@type\":\"BreadcrumbList\",\"@id\":\"https:\\\/\\\/finansowyflex.pl\\\/pl\\\/pytania-i-odpowiedzi\\\/#breadcrumb\",\"itemListElement\":[{\"@type\":\"ListItem\",\"position\":1,\"name\":\"Strona g\u0142\u00f3wna\",\"item\":\"https:\\\/\\\/finansowyflex.pl\\\/pl\\\/\"},{\"@type\":\"ListItem\",\"position\":2,\"name\":\"Pytania i odpowiedzi\"}]},{\"@type\":\"WebSite\",\"@id\":\"https:\\\/\\\/finansowyflex.pl\\\/pl\\\/#website\",\"url\":\"https:\\\/\\\/finansowyflex.pl\\\/pl\\\/\",\"name\":\"Finansowy Flex\",\"description\":\"\",\"potentialAction\":[{\"@type\":\"SearchAction\",\"target\":{\"@type\":\"EntryPoint\",\"urlTemplate\":\"https:\\\/\\\/finansowyflex.pl\\\/pl\\\/?s={search_term_string}\"},\"query-input\":{\"@type\":\"PropertyValueSpecification\",\"valueRequired\":true,\"valueName\":\"search_term_string\"}}],\"inLanguage\":\"pl-PL\"}]}<\/script>\n<!-- \/ Yoast SEO plugin. -->","yoast_head_json":{"title":"Najcz\u0119\u015bciej zadawane pytania \u2014 ksi\u0119gowo\u015b\u0107 w Polsce","description":"Odpowiedzi na najcz\u0119\u015bciej zadawane pytania dotycz\u0105ce ksi\u0119gowo\u015bci w Polsce: jak p\u0142aci\u0107 podatki, czy potrzebna jest kasa fiskalna, co z VAT, kiedy sk\u0142ada\u0107 sprawozdania.","robots":{"index":"index","follow":"follow","max-snippet":"max-snippet:-1","max-image-preview":"max-image-preview:large","max-video-preview":"max-video-preview:-1"},"canonical":"https:\/\/finansowyflex.pl\/pl\/pytania-i-odpowiedzi\/","og_locale":"pl_PL","og_type":"article","og_title":"Najcz\u0119\u015bciej zadawane pytania \u2014 ksi\u0119gowo\u015b\u0107 w Polsce","og_description":"Odpowiedzi na najcz\u0119\u015bciej zadawane pytania dotycz\u0105ce ksi\u0119gowo\u015bci w Polsce: jak p\u0142aci\u0107 podatki, czy potrzebna jest kasa fiskalna, co z VAT, kiedy sk\u0142ada\u0107 sprawozdania.","og_url":"https:\/\/finansowyflex.pl\/pl\/pytania-i-odpowiedzi\/","og_site_name":"Finansowy Flex","article_modified_time":"2025-08-31T20:15:08+00:00","twitter_card":"summary_large_image","twitter_misc":{"Szacowany czas czytania":"1 minuta"},"schema":{"@context":"https:\/\/schema.org","@graph":[{"@type":"WebPage","@id":"https:\/\/finansowyflex.pl\/pl\/pytania-i-odpowiedzi\/","url":"https:\/\/finansowyflex.pl\/pl\/pytania-i-odpowiedzi\/","name":"Najcz\u0119\u015bciej zadawane pytania \u2014 ksi\u0119gowo\u015b\u0107 w Polsce","isPartOf":{"@id":"https:\/\/finansowyflex.pl\/pl\/#website"},"datePublished":"2025-06-17T15:26:53+00:00","dateModified":"2025-08-31T20:15:08+00:00","description":"Odpowiedzi na najcz\u0119\u015bciej zadawane pytania dotycz\u0105ce ksi\u0119gowo\u015bci w Polsce: jak p\u0142aci\u0107 podatki, czy potrzebna jest kasa fiskalna, co z VAT, kiedy sk\u0142ada\u0107 sprawozdania.","breadcrumb":{"@id":"https:\/\/finansowyflex.pl\/pl\/pytania-i-odpowiedzi\/#breadcrumb"},"inLanguage":"pl-PL","potentialAction":[{"@type":"ReadAction","target":["https:\/\/finansowyflex.pl\/pl\/pytania-i-odpowiedzi\/"]}]},{"@type":"BreadcrumbList","@id":"https:\/\/finansowyflex.pl\/pl\/pytania-i-odpowiedzi\/#breadcrumb","itemListElement":[{"@type":"ListItem","position":1,"name":"Strona g\u0142\u00f3wna","item":"https:\/\/finansowyflex.pl\/pl\/"},{"@type":"ListItem","position":2,"name":"Pytania i odpowiedzi"}]},{"@type":"WebSite","@id":"https:\/\/finansowyflex.pl\/pl\/#website","url":"https:\/\/finansowyflex.pl\/pl\/","name":"Finansowy Flex","description":"","potentialAction":[{"@type":"SearchAction","target":{"@type":"EntryPoint","urlTemplate":"https:\/\/finansowyflex.pl\/pl\/?s={search_term_string}"},"query-input":{"@type":"PropertyValueSpecification","valueRequired":true,"valueName":"search_term_string"}}],"inLanguage":"pl-PL"}]}},"_links":{"self":[{"href":"https:\/\/finansowyflex.pl\/pl\/wp-json\/wp\/v2\/pages\/2926","targetHints":{"allow":["GET"]}}],"collection":[{"href":"https:\/\/finansowyflex.pl\/pl\/wp-json\/wp\/v2\/pages"}],"about":[{"href":"https:\/\/finansowyflex.pl\/pl\/wp-json\/wp\/v2\/types\/page"}],"author":[{"embeddable":true,"href":"https:\/\/finansowyflex.pl\/pl\/wp-json\/wp\/v2\/users\/1"}],"replies":[{"embeddable":true,"href":"https:\/\/finansowyflex.pl\/pl\/wp-json\/wp\/v2\/comments?post=2926"}],"version-history":[{"count":0,"href":"https:\/\/finansowyflex.pl\/pl\/wp-json\/wp\/v2\/pages\/2926\/revisions"}],"wp:attachment":[{"href":"https:\/\/finansowyflex.pl\/pl\/wp-json\/wp\/v2\/media?parent=2926"}],"curies":[{"name":"wp","href":"https:\/\/api.w.org\/{rel}","templated":true}]}}