{"id":2924,"date":"2025-07-11T16:37:43","date_gmt":"2025-07-11T13:37:43","guid":{"rendered":"https:\/\/finansowyflex.pl\/ksiegowosc-dla-firm-transportowych\/"},"modified":"2025-08-25T00:43:54","modified_gmt":"2025-08-24T21:43:54","slug":"ksiegowosc-dla-firm-transportowych","status":"publish","type":"page","link":"https:\/\/finansowyflex.pl\/pl\/ksiegowosc-dla-firm-transportowych\/","title":{"rendered":"Ksi\u0119gowo\u015b\u0107 dla firm transportowych"},"content":{"rendered":"<p>VAT, transport mi\u0119dzynarodowy, e-TOLL, delegowanie \u2013 wszystkim zajmiemy si\u0119 za Ciebie. Pierwszy miesi\u0105c za darmo.<\/p>\n<h2>Pewna ksi\u0119gowo\u015b\u0107, optymalizacja podatkowa<br \/>\ni spok\u00f3j w rozliczeniach<\/h2>\n<p>Transport to jedna z najbardziej dynamicznych i wymagaj\u0105cych bran\u017c. Ci\u0105g\u0142e zmiany w przepisach, rosn\u0105ce koszty, wymagania dotycz\u0105ce ksi\u0119gowo\u015bci i sprawozdawczo\u015bci&#8230; Jednak to w\u0142a\u015bnie teraz dobrze zorganizowana firma transportowa mo\u017ce zyska\u0107 przewag\u0119 nad konkurencj\u0105. Wiemy, z czym si\u0119 zmagacie. I jeste\u015bmy gotowi pom\u00f3c.<\/p>\n<div class=\"only-desktop\">\n<img loading=\"lazy\" decoding=\"async\" class=\"desktop-image alignnone wp-image-218 size-full\" src=\"https:\/\/finansowyflex.pl\/wp-content\/uploads\/2025\/05\/mask-group.png\" alt=\"Biuro rachunkowe dla firm transportowych w Warszawie\" width=\"1531\" height=\"331\" srcset=\"https:\/\/finansowyflex.pl\/wp-content\/uploads\/2025\/05\/mask-group.png 1531w, https:\/\/finansowyflex.pl\/wp-content\/uploads\/2025\/05\/mask-group-300x65.png 300w, https:\/\/finansowyflex.pl\/wp-content\/uploads\/2025\/05\/mask-group-1024x221.png 1024w, https:\/\/finansowyflex.pl\/wp-content\/uploads\/2025\/05\/mask-group-768x166.png 768w\" sizes=\"(max-width: 1531px) 100vw, 1531px\" \/>\n<\/div>\n<div class=\"only-mobile\">\n<img loading=\"lazy\" decoding=\"async\" src=\"https:\/\/finansowyflex.pl\/wp-content\/uploads\/2025\/07\/mask-group-5.jpg\" alt=\"Kompleksowa ksi\u0119gowo\u015b\u0107 dla firm transportowych i logistycznych w Polsce\" width=\"335\" height=\"331\" class=\"alignnone size-full wp-image-1239\" srcset=\"https:\/\/finansowyflex.pl\/wp-content\/uploads\/2025\/07\/mask-group-5.jpg 335w, https:\/\/finansowyflex.pl\/wp-content\/uploads\/2025\/07\/mask-group-5-300x296.jpg 300w\" sizes=\"(max-width: 335px) 100vw, 335px\" \/>\n<\/div>\n","protected":false},"excerpt":{"rendered":"<p>VAT, transport mi\u0119dzynarodowy, e-TOLL, delegowanie \u2013 wszystkim zajmiemy si\u0119 za Ciebie. Pierwszy miesi\u0105c&#8230;<\/p>\n","protected":false},"author":1,"featured_media":1240,"parent":0,"menu_order":0,"comment_status":"closed","ping_status":"closed","template":"templates\/transport.php","meta":{"_acf_changed":false,"footnotes":""},"class_list":["post-2924","page","type-page","status-publish","has-post-thumbnail","hentry"],"acf":[],"yoast_head":"<!-- This site is optimized with the Yoast SEO plugin v27.5 - https:\/\/yoast.com\/product\/yoast-seo-wordpress\/ -->\n<title>Ksi\u0119gowo\u015b\u0107 i podatki dla transportu \u2014 rozliczenia bez kar<\/title>\n<meta name=\"description\" content=\"Prowadzimy ksi\u0119gowo\u015b\u0107 dla firm transportowych i logistycznych. Rozliczanie wynagrodze\u0144 kierowc\u00f3w, diety, delegacje, ewidencja VAT.\" \/>\n<meta name=\"robots\" content=\"index, follow, max-snippet:-1, max-image-preview:large, max-video-preview:-1\" \/>\n<link rel=\"canonical\" href=\"https:\/\/finansowyflex.pl\/pl\/ksiegowosc-dla-firm-transportowych\/\" \/>\n<meta property=\"og:locale\" content=\"pl_PL\" \/>\n<meta property=\"og:type\" content=\"article\" \/>\n<meta property=\"og:title\" content=\"Ksi\u0119gowo\u015b\u0107 i podatki dla transportu \u2014 rozliczenia bez kar\" \/>\n<meta property=\"og:description\" content=\"Prowadzimy ksi\u0119gowo\u015b\u0107 dla firm transportowych i logistycznych. Rozliczanie wynagrodze\u0144 kierowc\u00f3w, diety, delegacje, ewidencja VAT.\" \/>\n<meta property=\"og:url\" content=\"https:\/\/finansowyflex.pl\/pl\/ksiegowosc-dla-firm-transportowych\/\" \/>\n<meta property=\"og:site_name\" content=\"Finansowy Flex\" \/>\n<meta property=\"article:modified_time\" content=\"2025-08-24T21:43:54+00:00\" \/>\n<meta property=\"og:image\" content=\"https:\/\/finansowyflex.pl\/wp-content\/uploads\/2025\/07\/mask-group-5.jpg\" \/>\n\t<meta property=\"og:image:width\" content=\"335\" \/>\n\t<meta property=\"og:image:height\" content=\"331\" \/>\n\t<meta property=\"og:image:type\" content=\"image\/jpeg\" \/>\n<meta name=\"twitter:card\" content=\"summary_large_image\" \/>\n<meta name=\"twitter:label1\" content=\"Szacowany czas czytania\" \/>\n\t<meta name=\"twitter:data1\" content=\"1 minuta\" \/>\n<script type=\"application\/ld+json\" class=\"yoast-schema-graph\">{\"@context\":\"https:\\\/\\\/schema.org\",\"@graph\":[{\"@type\":\"WebPage\",\"@id\":\"https:\\\/\\\/finansowyflex.pl\\\/pl\\\/ksiegowosc-dla-firm-transportowych\\\/\",\"url\":\"https:\\\/\\\/finansowyflex.pl\\\/pl\\\/ksiegowosc-dla-firm-transportowych\\\/\",\"name\":\"Ksi\u0119gowo\u015b\u0107 i podatki dla transportu \u2014 rozliczenia bez kar\",\"isPartOf\":{\"@id\":\"https:\\\/\\\/finansowyflex.pl\\\/pl\\\/#website\"},\"primaryImageOfPage\":{\"@id\":\"https:\\\/\\\/finansowyflex.pl\\\/pl\\\/ksiegowosc-dla-firm-transportowych\\\/#primaryimage\"},\"image\":{\"@id\":\"https:\\\/\\\/finansowyflex.pl\\\/pl\\\/ksiegowosc-dla-firm-transportowych\\\/#primaryimage\"},\"thumbnailUrl\":\"https:\\\/\\\/finansowyflex.pl\\\/wp-content\\\/uploads\\\/2025\\\/07\\\/mask-group-5.jpg\",\"datePublished\":\"2025-07-11T13:37:43+00:00\",\"dateModified\":\"2025-08-24T21:43:54+00:00\",\"description\":\"Prowadzimy ksi\u0119gowo\u015b\u0107 dla firm transportowych i logistycznych. Rozliczanie wynagrodze\u0144 kierowc\u00f3w, diety, delegacje, ewidencja VAT.\",\"breadcrumb\":{\"@id\":\"https:\\\/\\\/finansowyflex.pl\\\/pl\\\/ksiegowosc-dla-firm-transportowych\\\/#breadcrumb\"},\"inLanguage\":\"pl-PL\",\"potentialAction\":[{\"@type\":\"ReadAction\",\"target\":[\"https:\\\/\\\/finansowyflex.pl\\\/pl\\\/ksiegowosc-dla-firm-transportowych\\\/\"]}]},{\"@type\":\"ImageObject\",\"inLanguage\":\"pl-PL\",\"@id\":\"https:\\\/\\\/finansowyflex.pl\\\/pl\\\/ksiegowosc-dla-firm-transportowych\\\/#primaryimage\",\"url\":\"https:\\\/\\\/finansowyflex.pl\\\/wp-content\\\/uploads\\\/2025\\\/07\\\/mask-group-5.jpg\",\"contentUrl\":\"https:\\\/\\\/finansowyflex.pl\\\/wp-content\\\/uploads\\\/2025\\\/07\\\/mask-group-5.jpg\",\"width\":335,\"height\":331,\"caption\":\"\u041a\u043e\u043c\u043f\u043b\u0435\u043a\u0441\u043d\u0430\u044f \u0431\u0443\u0445\u0433\u0430\u043b\u0442\u0435\u0440\u0438\u044f \u0434\u043b\u044f \u0442\u0440\u0430\u043d\u0441\u043f\u043e\u0440\u0442\u043d\u044b\u0445 \u0438 \u043b\u043e\u0433\u0438\u0441\u0442\u0438\u0447\u0435\u0441\u043a\u0438\u0445 \u0444\u0438\u0440\u043c \u0432 \u041f\u043e\u043b\u044c\u0448\u0435\"},{\"@type\":\"BreadcrumbList\",\"@id\":\"https:\\\/\\\/finansowyflex.pl\\\/pl\\\/ksiegowosc-dla-firm-transportowych\\\/#breadcrumb\",\"itemListElement\":[{\"@type\":\"ListItem\",\"position\":1,\"name\":\"Strona g\u0142\u00f3wna\",\"item\":\"https:\\\/\\\/finansowyflex.pl\\\/pl\\\/\"},{\"@type\":\"ListItem\",\"position\":2,\"name\":\"Ksi\u0119gowo\u015b\u0107 dla firm transportowych\"}]},{\"@type\":\"WebSite\",\"@id\":\"https:\\\/\\\/finansowyflex.pl\\\/pl\\\/#website\",\"url\":\"https:\\\/\\\/finansowyflex.pl\\\/pl\\\/\",\"name\":\"Finansowy Flex\",\"description\":\"\",\"potentialAction\":[{\"@type\":\"SearchAction\",\"target\":{\"@type\":\"EntryPoint\",\"urlTemplate\":\"https:\\\/\\\/finansowyflex.pl\\\/pl\\\/?s={search_term_string}\"},\"query-input\":{\"@type\":\"PropertyValueSpecification\",\"valueRequired\":true,\"valueName\":\"search_term_string\"}}],\"inLanguage\":\"pl-PL\"}]}<\/script>\n<!-- \/ Yoast SEO plugin. -->","yoast_head_json":{"title":"Ksi\u0119gowo\u015b\u0107 i podatki dla transportu \u2014 rozliczenia bez kar","description":"Prowadzimy ksi\u0119gowo\u015b\u0107 dla firm transportowych i logistycznych. Rozliczanie wynagrodze\u0144 kierowc\u00f3w, diety, delegacje, ewidencja VAT.","robots":{"index":"index","follow":"follow","max-snippet":"max-snippet:-1","max-image-preview":"max-image-preview:large","max-video-preview":"max-video-preview:-1"},"canonical":"https:\/\/finansowyflex.pl\/pl\/ksiegowosc-dla-firm-transportowych\/","og_locale":"pl_PL","og_type":"article","og_title":"Ksi\u0119gowo\u015b\u0107 i podatki dla transportu \u2014 rozliczenia bez kar","og_description":"Prowadzimy ksi\u0119gowo\u015b\u0107 dla firm transportowych i logistycznych. Rozliczanie wynagrodze\u0144 kierowc\u00f3w, diety, delegacje, ewidencja VAT.","og_url":"https:\/\/finansowyflex.pl\/pl\/ksiegowosc-dla-firm-transportowych\/","og_site_name":"Finansowy Flex","article_modified_time":"2025-08-24T21:43:54+00:00","og_image":[{"width":335,"height":331,"url":"https:\/\/finansowyflex.pl\/wp-content\/uploads\/2025\/07\/mask-group-5.jpg","type":"image\/jpeg"}],"twitter_card":"summary_large_image","twitter_misc":{"Szacowany czas czytania":"1 minuta"},"schema":{"@context":"https:\/\/schema.org","@graph":[{"@type":"WebPage","@id":"https:\/\/finansowyflex.pl\/pl\/ksiegowosc-dla-firm-transportowych\/","url":"https:\/\/finansowyflex.pl\/pl\/ksiegowosc-dla-firm-transportowych\/","name":"Ksi\u0119gowo\u015b\u0107 i podatki dla transportu \u2014 rozliczenia bez kar","isPartOf":{"@id":"https:\/\/finansowyflex.pl\/pl\/#website"},"primaryImageOfPage":{"@id":"https:\/\/finansowyflex.pl\/pl\/ksiegowosc-dla-firm-transportowych\/#primaryimage"},"image":{"@id":"https:\/\/finansowyflex.pl\/pl\/ksiegowosc-dla-firm-transportowych\/#primaryimage"},"thumbnailUrl":"https:\/\/finansowyflex.pl\/wp-content\/uploads\/2025\/07\/mask-group-5.jpg","datePublished":"2025-07-11T13:37:43+00:00","dateModified":"2025-08-24T21:43:54+00:00","description":"Prowadzimy ksi\u0119gowo\u015b\u0107 dla firm transportowych i logistycznych. Rozliczanie wynagrodze\u0144 kierowc\u00f3w, diety, delegacje, ewidencja VAT.","breadcrumb":{"@id":"https:\/\/finansowyflex.pl\/pl\/ksiegowosc-dla-firm-transportowych\/#breadcrumb"},"inLanguage":"pl-PL","potentialAction":[{"@type":"ReadAction","target":["https:\/\/finansowyflex.pl\/pl\/ksiegowosc-dla-firm-transportowych\/"]}]},{"@type":"ImageObject","inLanguage":"pl-PL","@id":"https:\/\/finansowyflex.pl\/pl\/ksiegowosc-dla-firm-transportowych\/#primaryimage","url":"https:\/\/finansowyflex.pl\/wp-content\/uploads\/2025\/07\/mask-group-5.jpg","contentUrl":"https:\/\/finansowyflex.pl\/wp-content\/uploads\/2025\/07\/mask-group-5.jpg","width":335,"height":331,"caption":"\u041a\u043e\u043c\u043f\u043b\u0435\u043a\u0441\u043d\u0430\u044f \u0431\u0443\u0445\u0433\u0430\u043b\u0442\u0435\u0440\u0438\u044f \u0434\u043b\u044f \u0442\u0440\u0430\u043d\u0441\u043f\u043e\u0440\u0442\u043d\u044b\u0445 \u0438 \u043b\u043e\u0433\u0438\u0441\u0442\u0438\u0447\u0435\u0441\u043a\u0438\u0445 \u0444\u0438\u0440\u043c \u0432 \u041f\u043e\u043b\u044c\u0448\u0435"},{"@type":"BreadcrumbList","@id":"https:\/\/finansowyflex.pl\/pl\/ksiegowosc-dla-firm-transportowych\/#breadcrumb","itemListElement":[{"@type":"ListItem","position":1,"name":"Strona g\u0142\u00f3wna","item":"https:\/\/finansowyflex.pl\/pl\/"},{"@type":"ListItem","position":2,"name":"Ksi\u0119gowo\u015b\u0107 dla firm transportowych"}]},{"@type":"WebSite","@id":"https:\/\/finansowyflex.pl\/pl\/#website","url":"https:\/\/finansowyflex.pl\/pl\/","name":"Finansowy Flex","description":"","potentialAction":[{"@type":"SearchAction","target":{"@type":"EntryPoint","urlTemplate":"https:\/\/finansowyflex.pl\/pl\/?s={search_term_string}"},"query-input":{"@type":"PropertyValueSpecification","valueRequired":true,"valueName":"search_term_string"}}],"inLanguage":"pl-PL"}]}},"_links":{"self":[{"href":"https:\/\/finansowyflex.pl\/pl\/wp-json\/wp\/v2\/pages\/2924","targetHints":{"allow":["GET"]}}],"collection":[{"href":"https:\/\/finansowyflex.pl\/pl\/wp-json\/wp\/v2\/pages"}],"about":[{"href":"https:\/\/finansowyflex.pl\/pl\/wp-json\/wp\/v2\/types\/page"}],"author":[{"embeddable":true,"href":"https:\/\/finansowyflex.pl\/pl\/wp-json\/wp\/v2\/users\/1"}],"replies":[{"embeddable":true,"href":"https:\/\/finansowyflex.pl\/pl\/wp-json\/wp\/v2\/comments?post=2924"}],"version-history":[{"count":0,"href":"https:\/\/finansowyflex.pl\/pl\/wp-json\/wp\/v2\/pages\/2924\/revisions"}],"wp:featuredmedia":[{"embeddable":true,"href":"https:\/\/finansowyflex.pl\/pl\/wp-json\/wp\/v2\/media\/1240"}],"wp:attachment":[{"href":"https:\/\/finansowyflex.pl\/pl\/wp-json\/wp\/v2\/media?parent=2924"}],"curies":[{"name":"wp","href":"https:\/\/api.w.org\/{rel}","templated":true}]}}