{"id":2902,"date":"2025-05-29T15:42:45","date_gmt":"2025-05-29T12:42:45","guid":{"rendered":"https:\/\/finansowyflex.pl\/miedzynarodowy-handel-biznes-bez-granic\/"},"modified":"2026-01-25T21:34:15","modified_gmt":"2026-01-25T18:34:15","slug":"miedzynarodowy-handel-biznes-bez-granic","status":"publish","type":"page","link":"https:\/\/finansowyflex.pl\/pl\/miedzynarodowy-handel-biznes-bez-granic\/","title":{"rendered":"MI\u0118DZYNARODOWY HANDEL \u2013 BIZNES BEZ GRANIC"},"content":{"rendered":"<p>W warunkach globalnej gospodarki coraz wi\u0119cej przedsi\u0119biorc\u00f3w prowadzi interesy poza granicami jednego kraju. Polska, jako cz\u0142onek Unii Europejskiej i wa\u017cny europejski w\u0119ze\u0142 logistyczny, oferuje wyj\u0105tkowe mo\u017cliwo\u015bci importu i eksportu towar\u00f3w. Handel z UE, Azj\u0105, Ukrain\u0105 i innymi regionami otwiera przed firmami nowe horyzonty, ale jednocze\u015bnie wi\u0105\u017ce si\u0119 z nowymi wyzwaniami w zakresie rozlicze\u0144, podatk\u00f3w i kwestii prawnych.  <\/p>\n<h2>PODATKI I KSI\u0118GOWO\u015a\u0106 DLA BIZNESU MI\u0118DZYNARODOWEGO<\/h2>\n<p>Specjalizujemy si\u0119 w obs\u0142udze mi\u0119dzynarodowych firm i przedsi\u0119biorc\u00f3w dzia\u0142aj\u0105cych na rynkach zagranicznych. Pomagamy unika\u0107 b\u0142\u0119d\u00f3w, optymalizowa\u0107 opodatkowanie, prawid\u0142owo rozlicza\u0107 transakcje walutowe oraz przestrzega\u0107 polskich i europejskich przepis\u00f3w. <\/p>\n<div class=\"only-desktop\">\n  <img loading=\"lazy\" decoding=\"async\" class=\"alignnone size-full wp-image-646\" src=\"https:\/\/finansowyflex.pl\/wp-content\/uploads\/2025\/07\/mezhdunarodnaya-bolshaya.png\" alt=\"Import towar\u00f3w do Polski: c\u0142a, VAT i formalno\u015bci celne.\" width=\"1531\" height=\"331\" srcset=\"https:\/\/finansowyflex.pl\/wp-content\/uploads\/2025\/07\/mezhdunarodnaya-bolshaya.png 1531w, https:\/\/finansowyflex.pl\/wp-content\/uploads\/2025\/07\/mezhdunarodnaya-bolshaya-300x65.png 300w, https:\/\/finansowyflex.pl\/wp-content\/uploads\/2025\/07\/mezhdunarodnaya-bolshaya-1024x221.png 1024w, https:\/\/finansowyflex.pl\/wp-content\/uploads\/2025\/07\/mezhdunarodnaya-bolshaya-768x166.png 768w\" sizes=\"(max-width: 1531px) 100vw, 1531px\" \/>\n<\/div>\n<div class=\"only-mobile\">\n  <img loading=\"lazy\" decoding=\"async\" src=\"https:\/\/finansowyflex.pl\/wp-content\/uploads\/2025\/07\/mask-group-3.jpg\" alt=\"mi\u0119dzynarodowy handel\" width=\"335\" height=\"331\" class=\"alignnone size-full wp-image-1235\" srcset=\"https:\/\/finansowyflex.pl\/wp-content\/uploads\/2025\/07\/mask-group-3.jpg 335w, https:\/\/finansowyflex.pl\/wp-content\/uploads\/2025\/07\/mask-group-3-300x296.jpg 300w\" sizes=\"(max-width: 335px) 100vw, 335px\" \/>\n<\/div>\n","protected":false},"excerpt":{"rendered":"<p>W warunkach globalnej gospodarki coraz wi\u0119cej przedsi\u0119biorc\u00f3w prowadzi interesy poza granicami jednego kraju&#8230;.<\/p>\n","protected":false},"author":1,"featured_media":647,"parent":0,"menu_order":0,"comment_status":"closed","ping_status":"closed","template":"templates\/torg.php","meta":{"_acf_changed":false,"footnotes":""},"class_list":["post-2902","page","type-page","status-publish","has-post-thumbnail","hentry"],"acf":[],"yoast_head":"<!-- This site is optimized with the Yoast SEO plugin v27.5 - https:\/\/yoast.com\/product\/yoast-seo-wordpress\/ -->\n<title>Ksi\u0119gowo\u015b\u0107 dla biznesu mi\u0119dzynarodowego \u2014 Finansowy Flex<\/title>\n<meta name=\"description\" content=\"Ksi\u0119gowo\u015b\u0107 dla biznesu mi\u0119dzynarodowego: kompleksowa obs\u0142uga, znajomo\u015b\u0107 niuans\u00f3w bran\u017cowych, rozliczenia walutowe, operacje eksportowo-importowe.\" \/>\n<meta name=\"robots\" content=\"index, follow, max-snippet:-1, max-image-preview:large, max-video-preview:-1\" \/>\n<link rel=\"canonical\" href=\"https:\/\/finansowyflex.pl\/pl\/miedzynarodowy-handel-biznes-bez-granic\/\" \/>\n<meta property=\"og:locale\" content=\"pl_PL\" \/>\n<meta property=\"og:type\" content=\"article\" \/>\n<meta property=\"og:title\" content=\"Ksi\u0119gowo\u015b\u0107 dla biznesu mi\u0119dzynarodowego \u2014 Finansowy Flex\" \/>\n<meta property=\"og:description\" content=\"Ksi\u0119gowo\u015b\u0107 dla biznesu mi\u0119dzynarodowego: kompleksowa obs\u0142uga, znajomo\u015b\u0107 niuans\u00f3w bran\u017cowych, rozliczenia walutowe, operacje eksportowo-importowe.\" \/>\n<meta property=\"og:url\" content=\"https:\/\/finansowyflex.pl\/pl\/miedzynarodowy-handel-biznes-bez-granic\/\" \/>\n<meta property=\"og:site_name\" content=\"Finansowy Flex\" \/>\n<meta property=\"article:modified_time\" content=\"2026-01-25T18:34:15+00:00\" \/>\n<meta property=\"og:image\" content=\"https:\/\/finansowyflex.pl\/wp-content\/uploads\/2025\/07\/mezhdunarodnaya-bolshaya.png\" \/>\n\t<meta property=\"og:image:width\" content=\"1531\" \/>\n\t<meta property=\"og:image:height\" content=\"331\" \/>\n\t<meta property=\"og:image:type\" content=\"image\/png\" \/>\n<meta name=\"twitter:card\" content=\"summary_large_image\" \/>\n<meta name=\"twitter:label1\" content=\"Szacowany czas czytania\" \/>\n\t<meta name=\"twitter:data1\" content=\"2 minuta\" \/>\n<script type=\"application\/ld+json\" class=\"yoast-schema-graph\">{\"@context\":\"https:\\\/\\\/schema.org\",\"@graph\":[{\"@type\":\"WebPage\",\"@id\":\"https:\\\/\\\/finansowyflex.pl\\\/pl\\\/miedzynarodowy-handel-biznes-bez-granic\\\/\",\"url\":\"https:\\\/\\\/finansowyflex.pl\\\/pl\\\/miedzynarodowy-handel-biznes-bez-granic\\\/\",\"name\":\"Ksi\u0119gowo\u015b\u0107 dla biznesu mi\u0119dzynarodowego \u2014 Finansowy Flex\",\"isPartOf\":{\"@id\":\"https:\\\/\\\/finansowyflex.pl\\\/pl\\\/#website\"},\"primaryImageOfPage\":{\"@id\":\"https:\\\/\\\/finansowyflex.pl\\\/pl\\\/miedzynarodowy-handel-biznes-bez-granic\\\/#primaryimage\"},\"image\":{\"@id\":\"https:\\\/\\\/finansowyflex.pl\\\/pl\\\/miedzynarodowy-handel-biznes-bez-granic\\\/#primaryimage\"},\"thumbnailUrl\":\"https:\\\/\\\/finansowyflex.pl\\\/wp-content\\\/uploads\\\/2025\\\/07\\\/mezhdunarodnaya-bolshaya.png\",\"datePublished\":\"2025-05-29T12:42:45+00:00\",\"dateModified\":\"2026-01-25T18:34:15+00:00\",\"description\":\"Ksi\u0119gowo\u015b\u0107 dla biznesu mi\u0119dzynarodowego: kompleksowa obs\u0142uga, znajomo\u015b\u0107 niuans\u00f3w bran\u017cowych, rozliczenia walutowe, operacje eksportowo-importowe.\",\"breadcrumb\":{\"@id\":\"https:\\\/\\\/finansowyflex.pl\\\/pl\\\/miedzynarodowy-handel-biznes-bez-granic\\\/#breadcrumb\"},\"inLanguage\":\"pl-PL\",\"potentialAction\":[{\"@type\":\"ReadAction\",\"target\":[\"https:\\\/\\\/finansowyflex.pl\\\/pl\\\/miedzynarodowy-handel-biznes-bez-granic\\\/\"]}]},{\"@type\":\"ImageObject\",\"inLanguage\":\"pl-PL\",\"@id\":\"https:\\\/\\\/finansowyflex.pl\\\/pl\\\/miedzynarodowy-handel-biznes-bez-granic\\\/#primaryimage\",\"url\":\"https:\\\/\\\/finansowyflex.pl\\\/wp-content\\\/uploads\\\/2025\\\/07\\\/mezhdunarodnaya-bolshaya.png\",\"contentUrl\":\"https:\\\/\\\/finansowyflex.pl\\\/wp-content\\\/uploads\\\/2025\\\/07\\\/mezhdunarodnaya-bolshaya.png\",\"width\":1531,\"height\":331,\"caption\":\"\u0418\u043c\u043f\u043e\u0440\u0442 \u0442\u043e\u0432\u0430\u0440\u043e\u0432 \u0432 \u041f\u043e\u043b\u044c\u0448\u0443: \u043f\u043e\u0448\u043b\u0438\u043d\u044b, \u041d\u0414\u0421 \u0438 \u0442\u0430\u043c\u043e\u0436\u0435\u043d\u043d\u044b\u0435 \u0444\u043e\u0440\u043c\u0430\u043b\u044c\u043d\u043e\u0441\u0442\u0438\"},{\"@type\":\"BreadcrumbList\",\"@id\":\"https:\\\/\\\/finansowyflex.pl\\\/pl\\\/miedzynarodowy-handel-biznes-bez-granic\\\/#breadcrumb\",\"itemListElement\":[{\"@type\":\"ListItem\",\"position\":1,\"name\":\"Strona g\u0142\u00f3wna\",\"item\":\"https:\\\/\\\/finansowyflex.pl\\\/pl\\\/\"},{\"@type\":\"ListItem\",\"position\":2,\"name\":\"MI\u0118DZYNARODOWY HANDEL &#8212; BIZNES BEZ GRANIC\"}]},{\"@type\":\"WebSite\",\"@id\":\"https:\\\/\\\/finansowyflex.pl\\\/pl\\\/#website\",\"url\":\"https:\\\/\\\/finansowyflex.pl\\\/pl\\\/\",\"name\":\"Finansowy Flex\",\"description\":\"\",\"potentialAction\":[{\"@type\":\"SearchAction\",\"target\":{\"@type\":\"EntryPoint\",\"urlTemplate\":\"https:\\\/\\\/finansowyflex.pl\\\/pl\\\/?s={search_term_string}\"},\"query-input\":{\"@type\":\"PropertyValueSpecification\",\"valueRequired\":true,\"valueName\":\"search_term_string\"}}],\"inLanguage\":\"pl-PL\"}]}<\/script>\n<!-- \/ Yoast SEO plugin. -->","yoast_head_json":{"title":"Ksi\u0119gowo\u015b\u0107 dla biznesu mi\u0119dzynarodowego \u2014 Finansowy Flex","description":"Ksi\u0119gowo\u015b\u0107 dla biznesu mi\u0119dzynarodowego: kompleksowa obs\u0142uga, znajomo\u015b\u0107 niuans\u00f3w bran\u017cowych, rozliczenia walutowe, operacje eksportowo-importowe.","robots":{"index":"index","follow":"follow","max-snippet":"max-snippet:-1","max-image-preview":"max-image-preview:large","max-video-preview":"max-video-preview:-1"},"canonical":"https:\/\/finansowyflex.pl\/pl\/miedzynarodowy-handel-biznes-bez-granic\/","og_locale":"pl_PL","og_type":"article","og_title":"Ksi\u0119gowo\u015b\u0107 dla biznesu mi\u0119dzynarodowego \u2014 Finansowy Flex","og_description":"Ksi\u0119gowo\u015b\u0107 dla biznesu mi\u0119dzynarodowego: kompleksowa obs\u0142uga, znajomo\u015b\u0107 niuans\u00f3w bran\u017cowych, rozliczenia walutowe, operacje eksportowo-importowe.","og_url":"https:\/\/finansowyflex.pl\/pl\/miedzynarodowy-handel-biznes-bez-granic\/","og_site_name":"Finansowy Flex","article_modified_time":"2026-01-25T18:34:15+00:00","og_image":[{"width":1531,"height":331,"url":"https:\/\/finansowyflex.pl\/wp-content\/uploads\/2025\/07\/mezhdunarodnaya-bolshaya.png","type":"image\/png"}],"twitter_card":"summary_large_image","twitter_misc":{"Szacowany czas czytania":"2 minuta"},"schema":{"@context":"https:\/\/schema.org","@graph":[{"@type":"WebPage","@id":"https:\/\/finansowyflex.pl\/pl\/miedzynarodowy-handel-biznes-bez-granic\/","url":"https:\/\/finansowyflex.pl\/pl\/miedzynarodowy-handel-biznes-bez-granic\/","name":"Ksi\u0119gowo\u015b\u0107 dla biznesu mi\u0119dzynarodowego \u2014 Finansowy Flex","isPartOf":{"@id":"https:\/\/finansowyflex.pl\/pl\/#website"},"primaryImageOfPage":{"@id":"https:\/\/finansowyflex.pl\/pl\/miedzynarodowy-handel-biznes-bez-granic\/#primaryimage"},"image":{"@id":"https:\/\/finansowyflex.pl\/pl\/miedzynarodowy-handel-biznes-bez-granic\/#primaryimage"},"thumbnailUrl":"https:\/\/finansowyflex.pl\/wp-content\/uploads\/2025\/07\/mezhdunarodnaya-bolshaya.png","datePublished":"2025-05-29T12:42:45+00:00","dateModified":"2026-01-25T18:34:15+00:00","description":"Ksi\u0119gowo\u015b\u0107 dla biznesu mi\u0119dzynarodowego: kompleksowa obs\u0142uga, znajomo\u015b\u0107 niuans\u00f3w bran\u017cowych, rozliczenia walutowe, operacje eksportowo-importowe.","breadcrumb":{"@id":"https:\/\/finansowyflex.pl\/pl\/miedzynarodowy-handel-biznes-bez-granic\/#breadcrumb"},"inLanguage":"pl-PL","potentialAction":[{"@type":"ReadAction","target":["https:\/\/finansowyflex.pl\/pl\/miedzynarodowy-handel-biznes-bez-granic\/"]}]},{"@type":"ImageObject","inLanguage":"pl-PL","@id":"https:\/\/finansowyflex.pl\/pl\/miedzynarodowy-handel-biznes-bez-granic\/#primaryimage","url":"https:\/\/finansowyflex.pl\/wp-content\/uploads\/2025\/07\/mezhdunarodnaya-bolshaya.png","contentUrl":"https:\/\/finansowyflex.pl\/wp-content\/uploads\/2025\/07\/mezhdunarodnaya-bolshaya.png","width":1531,"height":331,"caption":"\u0418\u043c\u043f\u043e\u0440\u0442 \u0442\u043e\u0432\u0430\u0440\u043e\u0432 \u0432 \u041f\u043e\u043b\u044c\u0448\u0443: \u043f\u043e\u0448\u043b\u0438\u043d\u044b, \u041d\u0414\u0421 \u0438 \u0442\u0430\u043c\u043e\u0436\u0435\u043d\u043d\u044b\u0435 \u0444\u043e\u0440\u043c\u0430\u043b\u044c\u043d\u043e\u0441\u0442\u0438"},{"@type":"BreadcrumbList","@id":"https:\/\/finansowyflex.pl\/pl\/miedzynarodowy-handel-biznes-bez-granic\/#breadcrumb","itemListElement":[{"@type":"ListItem","position":1,"name":"Strona g\u0142\u00f3wna","item":"https:\/\/finansowyflex.pl\/pl\/"},{"@type":"ListItem","position":2,"name":"MI\u0118DZYNARODOWY HANDEL &#8212; BIZNES BEZ GRANIC"}]},{"@type":"WebSite","@id":"https:\/\/finansowyflex.pl\/pl\/#website","url":"https:\/\/finansowyflex.pl\/pl\/","name":"Finansowy Flex","description":"","potentialAction":[{"@type":"SearchAction","target":{"@type":"EntryPoint","urlTemplate":"https:\/\/finansowyflex.pl\/pl\/?s={search_term_string}"},"query-input":{"@type":"PropertyValueSpecification","valueRequired":true,"valueName":"search_term_string"}}],"inLanguage":"pl-PL"}]}},"_links":{"self":[{"href":"https:\/\/finansowyflex.pl\/pl\/wp-json\/wp\/v2\/pages\/2902","targetHints":{"allow":["GET"]}}],"collection":[{"href":"https:\/\/finansowyflex.pl\/pl\/wp-json\/wp\/v2\/pages"}],"about":[{"href":"https:\/\/finansowyflex.pl\/pl\/wp-json\/wp\/v2\/types\/page"}],"author":[{"embeddable":true,"href":"https:\/\/finansowyflex.pl\/pl\/wp-json\/wp\/v2\/users\/1"}],"replies":[{"embeddable":true,"href":"https:\/\/finansowyflex.pl\/pl\/wp-json\/wp\/v2\/comments?post=2902"}],"version-history":[{"count":2,"href":"https:\/\/finansowyflex.pl\/pl\/wp-json\/wp\/v2\/pages\/2902\/revisions"}],"predecessor-version":[{"id":5114,"href":"https:\/\/finansowyflex.pl\/pl\/wp-json\/wp\/v2\/pages\/2902\/revisions\/5114"}],"wp:featuredmedia":[{"embeddable":true,"href":"https:\/\/finansowyflex.pl\/pl\/wp-json\/wp\/v2\/media\/647"}],"wp:attachment":[{"href":"https:\/\/finansowyflex.pl\/pl\/wp-json\/wp\/v2\/media?parent=2902"}],"curies":[{"name":"wp","href":"https:\/\/api.w.org\/{rel}","templated":true}]}}