{"id":2896,"date":"2025-05-28T20:47:16","date_gmt":"2025-05-28T17:47:16","guid":{"rendered":"https:\/\/finansowyflex.pl\/ksiegowosc-dla-sklepow-internetowych\/"},"modified":"2026-01-31T01:04:03","modified_gmt":"2026-01-30T22:04:03","slug":"ksiegowosc-dla-sklepow-internetowych","status":"publish","type":"page","link":"https:\/\/finansowyflex.pl\/pl\/ksiegowosc-dla-sklepow-internetowych\/","title":{"rendered":"KSI\u0118GOWO\u015a\u0106 DLA SKLEP\u00d3W INTERNETOWYCH"},"content":{"rendered":"<p>Automatyzacja, magazyn, mar\u017ca i VAT OSS \u2014 wszystko pod kontrol\u0105.<\/p>\n<h2>E-COMMERCE W POLSCE \u2014 MO\u017bLIWO\u015aCI, WYZWANIA I <strong>KSI\u0118GOWO\u015a\u0106, KT\u00d3RA ROZUMIE TW\u00d3J BIZNES<\/strong><\/h2>\n<p>Polski rynek e-commerce prze\u017cywa dynamiczny wzrost \u2014 pomimo og\u00f3lnoeuropejskiego spowolnienia. Wed\u0142ug danych Gemius i PwC, w 2024 roku warto\u015b\u0107 rynku e-commerce przekroczy\u0142a 140 mld z\u0142otych i nadal ro\u015bnie. Jednak wraz z mo\u017cliwo\u015bciami biznes napotyka r\u00f3wnie\u017c nowe wyzwania.<\/p>\n<div class=\"only-desktop\"><img loading=\"lazy\" decoding=\"async\" class=\"alignnone wp-image-627 size-full\" title=\"Ksi\u0119gowo\u015b\u0107 dla sklep\u00f3w internetowych \u2014 automatyzacja p\u0142atno\u015bci i raport\u00f3w podatkowych\" src=\"https:\/\/finansowyflex.pl\/wp-content\/uploads\/2025\/07\/mask-group.png\" alt=\"Ksi\u0119gowo\u015b\u0107 online dla e-commerce: ewidencja p\u0142atno\u015bci, raporty podatkowe i bezpieczne transakcje\" width=\"1531\" height=\"331\" srcset=\"https:\/\/finansowyflex.pl\/wp-content\/uploads\/2025\/07\/mask-group.png 1531w, https:\/\/finansowyflex.pl\/wp-content\/uploads\/2025\/07\/mask-group-300x65.png 300w, https:\/\/finansowyflex.pl\/wp-content\/uploads\/2025\/07\/mask-group-1024x221.png 1024w, https:\/\/finansowyflex.pl\/wp-content\/uploads\/2025\/07\/mask-group-768x166.png 768w\" sizes=\"(max-width: 1531px) 100vw, 1531px\" \/><\/div>\n<div class=\"only-mobile\"><img loading=\"lazy\" decoding=\"async\" class=\"alignnone size-full wp-image-1237\" src=\"https:\/\/finansowyflex.pl\/wp-content\/uploads\/2025\/07\/mask-group-4.jpg\" alt=\"Ksi\u0119gowo\u015b\u0107 dla sklep\u00f3w internetowych\" width=\"335\" height=\"331\" srcset=\"https:\/\/finansowyflex.pl\/wp-content\/uploads\/2025\/07\/mask-group-4.jpg 335w, https:\/\/finansowyflex.pl\/wp-content\/uploads\/2025\/07\/mask-group-4-300x296.jpg 300w\" sizes=\"(max-width: 335px) 100vw, 335px\" \/><\/div>\n","protected":false},"excerpt":{"rendered":"<p>Automatyzacja, magazyn, mar\u017ca i VAT OSS \u2014 wszystko pod kontrol\u0105. E-COMMERCE W POLSCE&#8230;<\/p>\n","protected":false},"author":1,"featured_media":657,"parent":0,"menu_order":0,"comment_status":"closed","ping_status":"closed","template":"templates\/transport.php","meta":{"_acf_changed":false,"footnotes":""},"class_list":["post-2896","page","type-page","status-publish","has-post-thumbnail","hentry"],"acf":[],"yoast_head":"<!-- This site is optimized with the Yoast SEO plugin v27.5 - https:\/\/yoast.com\/product\/yoast-seo-wordpress\/ -->\n<title>E-commerce w Polsce \u2014 ksi\u0119gowo\u015b\u0107 dla sprzeda\u017cy online<\/title>\n<meta name=\"description\" content=\"Ewidencja i podatki dla sklep\u00f3w internetowych. Optymalizacja VAT, sprzeda\u017c, zarz\u0105dzanie magazynem. Wsp\u00f3\u0142pracujemy z Allegro, Amazon, Shopify.\" \/>\n<meta name=\"robots\" content=\"index, follow, max-snippet:-1, max-image-preview:large, max-video-preview:-1\" \/>\n<link rel=\"canonical\" href=\"https:\/\/finansowyflex.pl\/pl\/ksiegowosc-dla-sklepow-internetowych\/\" \/>\n<meta property=\"og:locale\" content=\"pl_PL\" \/>\n<meta property=\"og:type\" content=\"article\" \/>\n<meta property=\"og:title\" content=\"E-commerce w Polsce \u2014 ksi\u0119gowo\u015b\u0107 dla sprzeda\u017cy online\" \/>\n<meta property=\"og:description\" content=\"Ewidencja i podatki dla sklep\u00f3w internetowych. Optymalizacja VAT, sprzeda\u017c, zarz\u0105dzanie magazynem. Wsp\u00f3\u0142pracujemy z Allegro, Amazon, Shopify.\" \/>\n<meta property=\"og:url\" content=\"https:\/\/finansowyflex.pl\/pl\/ksiegowosc-dla-sklepow-internetowych\/\" \/>\n<meta property=\"og:site_name\" content=\"Finansowy Flex\" \/>\n<meta property=\"article:modified_time\" content=\"2026-01-30T22:04:03+00:00\" \/>\n<meta property=\"og:image\" content=\"https:\/\/finansowyflex.pl\/wp-content\/uploads\/2025\/07\/foto-e-commerce.jpg\" \/>\n\t<meta property=\"og:image:width\" content=\"853\" \/>\n\t<meta property=\"og:image:height\" content=\"1280\" \/>\n\t<meta property=\"og:image:type\" content=\"image\/jpeg\" \/>\n<meta name=\"twitter:card\" content=\"summary_large_image\" \/>\n<meta name=\"twitter:label1\" content=\"Szacowany czas czytania\" \/>\n\t<meta name=\"twitter:data1\" content=\"1 minuta\" \/>\n<script type=\"application\/ld+json\" class=\"yoast-schema-graph\">{\"@context\":\"https:\\\/\\\/schema.org\",\"@graph\":[{\"@type\":\"WebPage\",\"@id\":\"https:\\\/\\\/finansowyflex.pl\\\/pl\\\/ksiegowosc-dla-sklepow-internetowych\\\/\",\"url\":\"https:\\\/\\\/finansowyflex.pl\\\/pl\\\/ksiegowosc-dla-sklepow-internetowych\\\/\",\"name\":\"E-commerce w Polsce \u2014 ksi\u0119gowo\u015b\u0107 dla sprzeda\u017cy online\",\"isPartOf\":{\"@id\":\"https:\\\/\\\/finansowyflex.pl\\\/pl\\\/#website\"},\"primaryImageOfPage\":{\"@id\":\"https:\\\/\\\/finansowyflex.pl\\\/pl\\\/ksiegowosc-dla-sklepow-internetowych\\\/#primaryimage\"},\"image\":{\"@id\":\"https:\\\/\\\/finansowyflex.pl\\\/pl\\\/ksiegowosc-dla-sklepow-internetowych\\\/#primaryimage\"},\"thumbnailUrl\":\"https:\\\/\\\/finansowyflex.pl\\\/wp-content\\\/uploads\\\/2025\\\/07\\\/foto-e-commerce.jpg\",\"datePublished\":\"2025-05-28T17:47:16+00:00\",\"dateModified\":\"2026-01-30T22:04:03+00:00\",\"description\":\"Ewidencja i podatki dla sklep\u00f3w internetowych. Optymalizacja VAT, sprzeda\u017c, zarz\u0105dzanie magazynem. Wsp\u00f3\u0142pracujemy z Allegro, Amazon, Shopify.\",\"breadcrumb\":{\"@id\":\"https:\\\/\\\/finansowyflex.pl\\\/pl\\\/ksiegowosc-dla-sklepow-internetowych\\\/#breadcrumb\"},\"inLanguage\":\"pl-PL\",\"potentialAction\":[{\"@type\":\"ReadAction\",\"target\":[\"https:\\\/\\\/finansowyflex.pl\\\/pl\\\/ksiegowosc-dla-sklepow-internetowych\\\/\"]}]},{\"@type\":\"ImageObject\",\"inLanguage\":\"pl-PL\",\"@id\":\"https:\\\/\\\/finansowyflex.pl\\\/pl\\\/ksiegowosc-dla-sklepow-internetowych\\\/#primaryimage\",\"url\":\"https:\\\/\\\/finansowyflex.pl\\\/wp-content\\\/uploads\\\/2025\\\/07\\\/foto-e-commerce.jpg\",\"contentUrl\":\"https:\\\/\\\/finansowyflex.pl\\\/wp-content\\\/uploads\\\/2025\\\/07\\\/foto-e-commerce.jpg\",\"width\":853,\"height\":1280,\"caption\":\">\u041f\u043e\u043b\u043d\u044b\u0439 \u0443\u0447\u0451\u0442 \u043f\u043b\u0430\u0442\u0435\u0436\u0435\u0439, \u0432\u043e\u0437\u0432\u0440\u0430\u0442\u043e\u0432 \u0438 \u043a\u043e\u043c\u0438\u0441\u0441\u0438\u0439 \u2014 \u043f\u043e\u043a\u0430 \u0432\u044b \u0440\u0430\u0441\u0442\u0438\u0442\u0435 \u043f\u0440\u043e\u0434\u0430\u0436\u0438\"},{\"@type\":\"BreadcrumbList\",\"@id\":\"https:\\\/\\\/finansowyflex.pl\\\/pl\\\/ksiegowosc-dla-sklepow-internetowych\\\/#breadcrumb\",\"itemListElement\":[{\"@type\":\"ListItem\",\"position\":1,\"name\":\"Strona g\u0142\u00f3wna\",\"item\":\"https:\\\/\\\/finansowyflex.pl\\\/pl\\\/\"},{\"@type\":\"ListItem\",\"position\":2,\"name\":\"KSI\u0118GOWO\u015a\u0106 DLA SKLEP\u00d3W INTERNETOWYCH\"}]},{\"@type\":\"WebSite\",\"@id\":\"https:\\\/\\\/finansowyflex.pl\\\/pl\\\/#website\",\"url\":\"https:\\\/\\\/finansowyflex.pl\\\/pl\\\/\",\"name\":\"Finansowy Flex\",\"description\":\"\",\"potentialAction\":[{\"@type\":\"SearchAction\",\"target\":{\"@type\":\"EntryPoint\",\"urlTemplate\":\"https:\\\/\\\/finansowyflex.pl\\\/pl\\\/?s={search_term_string}\"},\"query-input\":{\"@type\":\"PropertyValueSpecification\",\"valueRequired\":true,\"valueName\":\"search_term_string\"}}],\"inLanguage\":\"pl-PL\"}]}<\/script>\n<!-- \/ Yoast SEO plugin. -->","yoast_head_json":{"title":"E-commerce w Polsce \u2014 ksi\u0119gowo\u015b\u0107 dla sprzeda\u017cy online","description":"Ewidencja i podatki dla sklep\u00f3w internetowych. Optymalizacja VAT, sprzeda\u017c, zarz\u0105dzanie magazynem. Wsp\u00f3\u0142pracujemy z Allegro, Amazon, Shopify.","robots":{"index":"index","follow":"follow","max-snippet":"max-snippet:-1","max-image-preview":"max-image-preview:large","max-video-preview":"max-video-preview:-1"},"canonical":"https:\/\/finansowyflex.pl\/pl\/ksiegowosc-dla-sklepow-internetowych\/","og_locale":"pl_PL","og_type":"article","og_title":"E-commerce w Polsce \u2014 ksi\u0119gowo\u015b\u0107 dla sprzeda\u017cy online","og_description":"Ewidencja i podatki dla sklep\u00f3w internetowych. Optymalizacja VAT, sprzeda\u017c, zarz\u0105dzanie magazynem. Wsp\u00f3\u0142pracujemy z Allegro, Amazon, Shopify.","og_url":"https:\/\/finansowyflex.pl\/pl\/ksiegowosc-dla-sklepow-internetowych\/","og_site_name":"Finansowy Flex","article_modified_time":"2026-01-30T22:04:03+00:00","og_image":[{"width":853,"height":1280,"url":"https:\/\/finansowyflex.pl\/wp-content\/uploads\/2025\/07\/foto-e-commerce.jpg","type":"image\/jpeg"}],"twitter_card":"summary_large_image","twitter_misc":{"Szacowany czas czytania":"1 minuta"},"schema":{"@context":"https:\/\/schema.org","@graph":[{"@type":"WebPage","@id":"https:\/\/finansowyflex.pl\/pl\/ksiegowosc-dla-sklepow-internetowych\/","url":"https:\/\/finansowyflex.pl\/pl\/ksiegowosc-dla-sklepow-internetowych\/","name":"E-commerce w Polsce \u2014 ksi\u0119gowo\u015b\u0107 dla sprzeda\u017cy online","isPartOf":{"@id":"https:\/\/finansowyflex.pl\/pl\/#website"},"primaryImageOfPage":{"@id":"https:\/\/finansowyflex.pl\/pl\/ksiegowosc-dla-sklepow-internetowych\/#primaryimage"},"image":{"@id":"https:\/\/finansowyflex.pl\/pl\/ksiegowosc-dla-sklepow-internetowych\/#primaryimage"},"thumbnailUrl":"https:\/\/finansowyflex.pl\/wp-content\/uploads\/2025\/07\/foto-e-commerce.jpg","datePublished":"2025-05-28T17:47:16+00:00","dateModified":"2026-01-30T22:04:03+00:00","description":"Ewidencja i podatki dla sklep\u00f3w internetowych. Optymalizacja VAT, sprzeda\u017c, zarz\u0105dzanie magazynem. Wsp\u00f3\u0142pracujemy z Allegro, Amazon, Shopify.","breadcrumb":{"@id":"https:\/\/finansowyflex.pl\/pl\/ksiegowosc-dla-sklepow-internetowych\/#breadcrumb"},"inLanguage":"pl-PL","potentialAction":[{"@type":"ReadAction","target":["https:\/\/finansowyflex.pl\/pl\/ksiegowosc-dla-sklepow-internetowych\/"]}]},{"@type":"ImageObject","inLanguage":"pl-PL","@id":"https:\/\/finansowyflex.pl\/pl\/ksiegowosc-dla-sklepow-internetowych\/#primaryimage","url":"https:\/\/finansowyflex.pl\/wp-content\/uploads\/2025\/07\/foto-e-commerce.jpg","contentUrl":"https:\/\/finansowyflex.pl\/wp-content\/uploads\/2025\/07\/foto-e-commerce.jpg","width":853,"height":1280,"caption":">\u041f\u043e\u043b\u043d\u044b\u0439 \u0443\u0447\u0451\u0442 \u043f\u043b\u0430\u0442\u0435\u0436\u0435\u0439, \u0432\u043e\u0437\u0432\u0440\u0430\u0442\u043e\u0432 \u0438 \u043a\u043e\u043c\u0438\u0441\u0441\u0438\u0439 \u2014 \u043f\u043e\u043a\u0430 \u0432\u044b \u0440\u0430\u0441\u0442\u0438\u0442\u0435 \u043f\u0440\u043e\u0434\u0430\u0436\u0438"},{"@type":"BreadcrumbList","@id":"https:\/\/finansowyflex.pl\/pl\/ksiegowosc-dla-sklepow-internetowych\/#breadcrumb","itemListElement":[{"@type":"ListItem","position":1,"name":"Strona g\u0142\u00f3wna","item":"https:\/\/finansowyflex.pl\/pl\/"},{"@type":"ListItem","position":2,"name":"KSI\u0118GOWO\u015a\u0106 DLA SKLEP\u00d3W INTERNETOWYCH"}]},{"@type":"WebSite","@id":"https:\/\/finansowyflex.pl\/pl\/#website","url":"https:\/\/finansowyflex.pl\/pl\/","name":"Finansowy Flex","description":"","potentialAction":[{"@type":"SearchAction","target":{"@type":"EntryPoint","urlTemplate":"https:\/\/finansowyflex.pl\/pl\/?s={search_term_string}"},"query-input":{"@type":"PropertyValueSpecification","valueRequired":true,"valueName":"search_term_string"}}],"inLanguage":"pl-PL"}]}},"_links":{"self":[{"href":"https:\/\/finansowyflex.pl\/pl\/wp-json\/wp\/v2\/pages\/2896","targetHints":{"allow":["GET"]}}],"collection":[{"href":"https:\/\/finansowyflex.pl\/pl\/wp-json\/wp\/v2\/pages"}],"about":[{"href":"https:\/\/finansowyflex.pl\/pl\/wp-json\/wp\/v2\/types\/page"}],"author":[{"embeddable":true,"href":"https:\/\/finansowyflex.pl\/pl\/wp-json\/wp\/v2\/users\/1"}],"replies":[{"embeddable":true,"href":"https:\/\/finansowyflex.pl\/pl\/wp-json\/wp\/v2\/comments?post=2896"}],"version-history":[{"count":1,"href":"https:\/\/finansowyflex.pl\/pl\/wp-json\/wp\/v2\/pages\/2896\/revisions"}],"predecessor-version":[{"id":5192,"href":"https:\/\/finansowyflex.pl\/pl\/wp-json\/wp\/v2\/pages\/2896\/revisions\/5192"}],"wp:featuredmedia":[{"embeddable":true,"href":"https:\/\/finansowyflex.pl\/pl\/wp-json\/wp\/v2\/media\/657"}],"wp:attachment":[{"href":"https:\/\/finansowyflex.pl\/pl\/wp-json\/wp\/v2\/media?parent=2896"}],"curies":[{"name":"wp","href":"https:\/\/api.w.org\/{rel}","templated":true}]}}