{"id":2895,"date":"2025-05-27T19:45:23","date_gmt":"2025-05-27T16:45:23","guid":{"rendered":"https:\/\/finansowyflex.pl\/ksiegowosc-dla-restauracji-twoj-biznes-bez-kar-i-nadplat\/"},"modified":"2025-08-24T22:14:38","modified_gmt":"2025-08-24T19:14:38","slug":"ksiegowosc-dla-restauracji-twoj-biznes-bez-kar-i-nadplat","status":"publish","type":"page","link":"https:\/\/finansowyflex.pl\/pl\/ksiegowosc-dla-restauracji-twoj-biznes-bez-kar-i-nadplat\/","title":{"rendered":"KSI\u0118GOWO\u015a\u0106 DLA RESTAURACJI \u2013 TW\u00d3J BIZNES BEZ KAR I NADP\u0141AT"},"content":{"rendered":"<p>Bran\u017ca restauracyjna to jedna z najbardziej dynamicznych, a zarazem wymagaj\u0105cych dziedzin. Sta\u0142a rotacja personelu, skomplikowane wyliczenia koszt\u00f3w w\u0142asnych, r\u00f3\u017cne stawki VAT, wysokie wymagania ze strony inspekcji sanitarnych i urz\u0119d\u00f3w skarbowych.<br \/>Wiemy, z czym mierzycie si\u0119 ka\u017cdego dnia \u2014 dlatego oferujemy obs\u0142ug\u0119 ksi\u0119gow\u0105 uwzgl\u0119dniaj\u0105c\u0105 wszystkie specyfiki gastronomii.<\/p>\n<h2>Pomagamy restauracjom rozwija\u0107 si\u0119, zamiast liczy\u0107.<\/span><\/h2>\n<p>Ksi\u0119gowo\u015b\u0107 dla restauracji w Polsce wymaga specjalnego podej\u015bcia \u2014 zaufaj nam, aby\u015b m\u00f3g\u0142 skupi\u0107 si\u0119 na tym, co najwa\u017cniejsze: zarz\u0105dzaniu kuchni\u0105, obs\u0142ug\u0105 i wzro\u015bcie zysk\u00f3w.<\/p>\n<div class=\"only-desktop\">\n  <img loading=\"lazy\" decoding=\"async\" class=\"alignnone wp-image-744 size-full\" title=\"Ksi\u0119gowo\u015b\u0107 dla restauracji \u2013 Finansowy Flex\" src=\"https:\/\/finansowyflex.pl\/wp-content\/uploads\/2025\/07\/restoran-3-3.png\" alt=\"Ksi\u0119gowo\u015b\u0107 i rozliczenia podatkowe dla restauracji i kawiarni\" width=\"1531\" height=\"329\" srcset=\"https:\/\/finansowyflex.pl\/wp-content\/uploads\/2025\/07\/restoran-3-3.png 1531w, https:\/\/finansowyflex.pl\/wp-content\/uploads\/2025\/07\/restoran-3-3-300x64.png 300w, https:\/\/finansowyflex.pl\/wp-content\/uploads\/2025\/07\/restoran-3-3-1024x220.png 1024w, https:\/\/finansowyflex.pl\/wp-content\/uploads\/2025\/07\/restoran-3-3-768x165.png 768w\" sizes=\"(max-width: 1531px) 100vw, 1531px\" \/>\n<\/div>\n<div class=\"only-mobile\">\n  <img loading=\"lazy\" decoding=\"async\" src=\"https:\/\/finansowyflex.pl\/wp-content\/uploads\/2025\/07\/restvmal-1.jpg\" alt=\"Rachunkowo\u015b\u0107 i podatki dla restauracji\" width=\"335\" height=\"331\" class=\"alignnone size-full wp-image-1243\" srcset=\"https:\/\/finansowyflex.pl\/wp-content\/uploads\/2025\/07\/restvmal-1.jpg 335w, https:\/\/finansowyflex.pl\/wp-content\/uploads\/2025\/07\/restvmal-1-300x296.jpg 300w\" sizes=\"(max-width: 335px) 100vw, 335px\" \/>\n<\/div>\n","protected":false},"excerpt":{"rendered":"<p>Bran\u017ca restauracyjna to jedna z najbardziej dynamicznych, a zarazem wymagaj\u0105cych dziedzin. Sta\u0142a rotacja&#8230;<\/p>\n","protected":false},"author":1,"featured_media":748,"parent":0,"menu_order":0,"comment_status":"closed","ping_status":"closed","template":"templates\/transport.php","meta":{"_acf_changed":false,"footnotes":""},"class_list":["post-2895","page","type-page","status-publish","has-post-thumbnail","hentry"],"acf":[],"yoast_head":"<!-- This site is optimized with the Yoast SEO plugin v27.5 - https:\/\/yoast.com\/product\/yoast-seo-wordpress\/ -->\n<title>Us\u0142ugi ksi\u0119gowe dla restauracji<\/title>\n<meta name=\"description\" content=\"Profesjonalna ksi\u0119gowo\u015b\u0107 restauracji i kawiarni: podatki, kalkulacja koszt\u00f3w w\u0142asnych, VAT, ewidencja personelu. Do\u015bwiadczony zesp\u00f3\u0142.\" \/>\n<meta name=\"robots\" content=\"index, follow, max-snippet:-1, max-image-preview:large, max-video-preview:-1\" \/>\n<link rel=\"canonical\" href=\"https:\/\/finansowyflex.pl\/pl\/ksiegowosc-dla-restauracji-twoj-biznes-bez-kar-i-nadplat\/\" \/>\n<meta property=\"og:locale\" content=\"pl_PL\" \/>\n<meta property=\"og:type\" content=\"article\" \/>\n<meta property=\"og:title\" content=\"Us\u0142ugi ksi\u0119gowe dla restauracji\" \/>\n<meta property=\"og:description\" content=\"Profesjonalna ksi\u0119gowo\u015b\u0107 restauracji i kawiarni: podatki, kalkulacja koszt\u00f3w w\u0142asnych, VAT, ewidencja personelu. Do\u015bwiadczony zesp\u00f3\u0142.\" \/>\n<meta property=\"og:url\" content=\"https:\/\/finansowyflex.pl\/pl\/ksiegowosc-dla-restauracji-twoj-biznes-bez-kar-i-nadplat\/\" \/>\n<meta property=\"og:site_name\" content=\"Finansowy Flex\" \/>\n<meta property=\"article:modified_time\" content=\"2025-08-24T19:14:38+00:00\" \/>\n<meta property=\"og:image\" content=\"https:\/\/finansowyflex.pl\/wp-content\/uploads\/2025\/07\/restoran-4-2.png\" \/>\n\t<meta property=\"og:image:width\" content=\"736\" \/>\n\t<meta property=\"og:image:height\" content=\"430\" \/>\n\t<meta property=\"og:image:type\" content=\"image\/png\" \/>\n<meta name=\"twitter:card\" content=\"summary_large_image\" \/>\n<meta name=\"twitter:label1\" content=\"Szacowany czas czytania\" \/>\n\t<meta name=\"twitter:data1\" content=\"2 minuta\" \/>\n<script type=\"application\/ld+json\" class=\"yoast-schema-graph\">{\"@context\":\"https:\\\/\\\/schema.org\",\"@graph\":[{\"@type\":\"WebPage\",\"@id\":\"https:\\\/\\\/finansowyflex.pl\\\/pl\\\/ksiegowosc-dla-restauracji-twoj-biznes-bez-kar-i-nadplat\\\/\",\"url\":\"https:\\\/\\\/finansowyflex.pl\\\/pl\\\/ksiegowosc-dla-restauracji-twoj-biznes-bez-kar-i-nadplat\\\/\",\"name\":\"Us\u0142ugi ksi\u0119gowe dla restauracji\",\"isPartOf\":{\"@id\":\"https:\\\/\\\/finansowyflex.pl\\\/pl\\\/#website\"},\"primaryImageOfPage\":{\"@id\":\"https:\\\/\\\/finansowyflex.pl\\\/pl\\\/ksiegowosc-dla-restauracji-twoj-biznes-bez-kar-i-nadplat\\\/#primaryimage\"},\"image\":{\"@id\":\"https:\\\/\\\/finansowyflex.pl\\\/pl\\\/ksiegowosc-dla-restauracji-twoj-biznes-bez-kar-i-nadplat\\\/#primaryimage\"},\"thumbnailUrl\":\"https:\\\/\\\/finansowyflex.pl\\\/wp-content\\\/uploads\\\/2025\\\/07\\\/restoran-4-2.png\",\"datePublished\":\"2025-05-27T16:45:23+00:00\",\"dateModified\":\"2025-08-24T19:14:38+00:00\",\"description\":\"Profesjonalna ksi\u0119gowo\u015b\u0107 restauracji i kawiarni: podatki, kalkulacja koszt\u00f3w w\u0142asnych, VAT, ewidencja personelu. Do\u015bwiadczony zesp\u00f3\u0142.\",\"breadcrumb\":{\"@id\":\"https:\\\/\\\/finansowyflex.pl\\\/pl\\\/ksiegowosc-dla-restauracji-twoj-biznes-bez-kar-i-nadplat\\\/#breadcrumb\"},\"inLanguage\":\"pl-PL\",\"potentialAction\":[{\"@type\":\"ReadAction\",\"target\":[\"https:\\\/\\\/finansowyflex.pl\\\/pl\\\/ksiegowosc-dla-restauracji-twoj-biznes-bez-kar-i-nadplat\\\/\"]}]},{\"@type\":\"ImageObject\",\"inLanguage\":\"pl-PL\",\"@id\":\"https:\\\/\\\/finansowyflex.pl\\\/pl\\\/ksiegowosc-dla-restauracji-twoj-biznes-bez-kar-i-nadplat\\\/#primaryimage\",\"url\":\"https:\\\/\\\/finansowyflex.pl\\\/wp-content\\\/uploads\\\/2025\\\/07\\\/restoran-4-2.png\",\"contentUrl\":\"https:\\\/\\\/finansowyflex.pl\\\/wp-content\\\/uploads\\\/2025\\\/07\\\/restoran-4-2.png\",\"width\":736,\"height\":430,\"caption\":\"\u0410\u0432\u0442\u043e\u043c\u0430\u0442\u0438\u0437\u0430\u0446\u0438\u044f \u0443\u0447\u0451\u0442\u0430 \u0432 \u0440\u0435\u0441\u0442\u043e\u0440\u0430\u043d\u043d\u043e\u043c \u0431\u0438\u0437\u043d\u0435\u0441\u0435: \u043f\u0440\u043e\u0434\u0430\u0436\u0438, \u0440\u0430\u0441\u0445\u043e\u0434\u044b, \u043f\u0435\u0440\u0441\u043e\u043d\u0430\u043b\"},{\"@type\":\"BreadcrumbList\",\"@id\":\"https:\\\/\\\/finansowyflex.pl\\\/pl\\\/ksiegowosc-dla-restauracji-twoj-biznes-bez-kar-i-nadplat\\\/#breadcrumb\",\"itemListElement\":[{\"@type\":\"ListItem\",\"position\":1,\"name\":\"Strona g\u0142\u00f3wna\",\"item\":\"https:\\\/\\\/finansowyflex.pl\\\/pl\\\/\"},{\"@type\":\"ListItem\",\"position\":2,\"name\":\"KSI\u0118GOWO\u015a\u0106 DLA RESTAURACJI \u2013 TW\u00d3J BIZNES BEZ KAR I NADP\u0141AT\"}]},{\"@type\":\"WebSite\",\"@id\":\"https:\\\/\\\/finansowyflex.pl\\\/pl\\\/#website\",\"url\":\"https:\\\/\\\/finansowyflex.pl\\\/pl\\\/\",\"name\":\"Finansowy Flex\",\"description\":\"\",\"potentialAction\":[{\"@type\":\"SearchAction\",\"target\":{\"@type\":\"EntryPoint\",\"urlTemplate\":\"https:\\\/\\\/finansowyflex.pl\\\/pl\\\/?s={search_term_string}\"},\"query-input\":{\"@type\":\"PropertyValueSpecification\",\"valueRequired\":true,\"valueName\":\"search_term_string\"}}],\"inLanguage\":\"pl-PL\"}]}<\/script>\n<!-- \/ Yoast SEO plugin. -->","yoast_head_json":{"title":"Us\u0142ugi ksi\u0119gowe dla restauracji","description":"Profesjonalna ksi\u0119gowo\u015b\u0107 restauracji i kawiarni: podatki, kalkulacja koszt\u00f3w w\u0142asnych, VAT, ewidencja personelu. Do\u015bwiadczony zesp\u00f3\u0142.","robots":{"index":"index","follow":"follow","max-snippet":"max-snippet:-1","max-image-preview":"max-image-preview:large","max-video-preview":"max-video-preview:-1"},"canonical":"https:\/\/finansowyflex.pl\/pl\/ksiegowosc-dla-restauracji-twoj-biznes-bez-kar-i-nadplat\/","og_locale":"pl_PL","og_type":"article","og_title":"Us\u0142ugi ksi\u0119gowe dla restauracji","og_description":"Profesjonalna ksi\u0119gowo\u015b\u0107 restauracji i kawiarni: podatki, kalkulacja koszt\u00f3w w\u0142asnych, VAT, ewidencja personelu. Do\u015bwiadczony zesp\u00f3\u0142.","og_url":"https:\/\/finansowyflex.pl\/pl\/ksiegowosc-dla-restauracji-twoj-biznes-bez-kar-i-nadplat\/","og_site_name":"Finansowy Flex","article_modified_time":"2025-08-24T19:14:38+00:00","og_image":[{"width":736,"height":430,"url":"https:\/\/finansowyflex.pl\/wp-content\/uploads\/2025\/07\/restoran-4-2.png","type":"image\/png"}],"twitter_card":"summary_large_image","twitter_misc":{"Szacowany czas czytania":"2 minuta"},"schema":{"@context":"https:\/\/schema.org","@graph":[{"@type":"WebPage","@id":"https:\/\/finansowyflex.pl\/pl\/ksiegowosc-dla-restauracji-twoj-biznes-bez-kar-i-nadplat\/","url":"https:\/\/finansowyflex.pl\/pl\/ksiegowosc-dla-restauracji-twoj-biznes-bez-kar-i-nadplat\/","name":"Us\u0142ugi ksi\u0119gowe dla restauracji","isPartOf":{"@id":"https:\/\/finansowyflex.pl\/pl\/#website"},"primaryImageOfPage":{"@id":"https:\/\/finansowyflex.pl\/pl\/ksiegowosc-dla-restauracji-twoj-biznes-bez-kar-i-nadplat\/#primaryimage"},"image":{"@id":"https:\/\/finansowyflex.pl\/pl\/ksiegowosc-dla-restauracji-twoj-biznes-bez-kar-i-nadplat\/#primaryimage"},"thumbnailUrl":"https:\/\/finansowyflex.pl\/wp-content\/uploads\/2025\/07\/restoran-4-2.png","datePublished":"2025-05-27T16:45:23+00:00","dateModified":"2025-08-24T19:14:38+00:00","description":"Profesjonalna ksi\u0119gowo\u015b\u0107 restauracji i kawiarni: podatki, kalkulacja koszt\u00f3w w\u0142asnych, VAT, ewidencja personelu. Do\u015bwiadczony zesp\u00f3\u0142.","breadcrumb":{"@id":"https:\/\/finansowyflex.pl\/pl\/ksiegowosc-dla-restauracji-twoj-biznes-bez-kar-i-nadplat\/#breadcrumb"},"inLanguage":"pl-PL","potentialAction":[{"@type":"ReadAction","target":["https:\/\/finansowyflex.pl\/pl\/ksiegowosc-dla-restauracji-twoj-biznes-bez-kar-i-nadplat\/"]}]},{"@type":"ImageObject","inLanguage":"pl-PL","@id":"https:\/\/finansowyflex.pl\/pl\/ksiegowosc-dla-restauracji-twoj-biznes-bez-kar-i-nadplat\/#primaryimage","url":"https:\/\/finansowyflex.pl\/wp-content\/uploads\/2025\/07\/restoran-4-2.png","contentUrl":"https:\/\/finansowyflex.pl\/wp-content\/uploads\/2025\/07\/restoran-4-2.png","width":736,"height":430,"caption":"\u0410\u0432\u0442\u043e\u043c\u0430\u0442\u0438\u0437\u0430\u0446\u0438\u044f \u0443\u0447\u0451\u0442\u0430 \u0432 \u0440\u0435\u0441\u0442\u043e\u0440\u0430\u043d\u043d\u043e\u043c \u0431\u0438\u0437\u043d\u0435\u0441\u0435: \u043f\u0440\u043e\u0434\u0430\u0436\u0438, \u0440\u0430\u0441\u0445\u043e\u0434\u044b, \u043f\u0435\u0440\u0441\u043e\u043d\u0430\u043b"},{"@type":"BreadcrumbList","@id":"https:\/\/finansowyflex.pl\/pl\/ksiegowosc-dla-restauracji-twoj-biznes-bez-kar-i-nadplat\/#breadcrumb","itemListElement":[{"@type":"ListItem","position":1,"name":"Strona g\u0142\u00f3wna","item":"https:\/\/finansowyflex.pl\/pl\/"},{"@type":"ListItem","position":2,"name":"KSI\u0118GOWO\u015a\u0106 DLA RESTAURACJI \u2013 TW\u00d3J BIZNES BEZ KAR I NADP\u0141AT"}]},{"@type":"WebSite","@id":"https:\/\/finansowyflex.pl\/pl\/#website","url":"https:\/\/finansowyflex.pl\/pl\/","name":"Finansowy Flex","description":"","potentialAction":[{"@type":"SearchAction","target":{"@type":"EntryPoint","urlTemplate":"https:\/\/finansowyflex.pl\/pl\/?s={search_term_string}"},"query-input":{"@type":"PropertyValueSpecification","valueRequired":true,"valueName":"search_term_string"}}],"inLanguage":"pl-PL"}]}},"_links":{"self":[{"href":"https:\/\/finansowyflex.pl\/pl\/wp-json\/wp\/v2\/pages\/2895","targetHints":{"allow":["GET"]}}],"collection":[{"href":"https:\/\/finansowyflex.pl\/pl\/wp-json\/wp\/v2\/pages"}],"about":[{"href":"https:\/\/finansowyflex.pl\/pl\/wp-json\/wp\/v2\/types\/page"}],"author":[{"embeddable":true,"href":"https:\/\/finansowyflex.pl\/pl\/wp-json\/wp\/v2\/users\/1"}],"replies":[{"embeddable":true,"href":"https:\/\/finansowyflex.pl\/pl\/wp-json\/wp\/v2\/comments?post=2895"}],"version-history":[{"count":0,"href":"https:\/\/finansowyflex.pl\/pl\/wp-json\/wp\/v2\/pages\/2895\/revisions"}],"wp:featuredmedia":[{"embeddable":true,"href":"https:\/\/finansowyflex.pl\/pl\/wp-json\/wp\/v2\/media\/748"}],"wp:attachment":[{"href":"https:\/\/finansowyflex.pl\/pl\/wp-json\/wp\/v2\/media?parent=2895"}],"curies":[{"name":"wp","href":"https:\/\/api.w.org\/{rel}","templated":true}]}}