{"id":2893,"date":"2025-05-20T18:40:57","date_gmt":"2025-05-20T15:40:57","guid":{"rendered":"https:\/\/finansowyflex.pl\/branze\/"},"modified":"2026-01-25T21:46:24","modified_gmt":"2026-01-25T18:46:24","slug":"branze","status":"publish","type":"page","link":"https:\/\/finansowyflex.pl\/pl\/branze\/","title":{"rendered":"Bran\u017ce"},"content":{"rendered":"","protected":false},"excerpt":{"rendered":"","protected":false},"author":1,"featured_media":0,"parent":0,"menu_order":0,"comment_status":"closed","ping_status":"closed","template":"templates\/services.php","meta":{"_acf_changed":false,"footnotes":""},"class_list":["post-2893","page","type-page","status-publish","hentry"],"acf":[],"yoast_head":"<!-- This site is optimized with the Yoast SEO plugin v27.5 - https:\/\/yoast.com\/product\/yoast-seo-wordpress\/ -->\n<title>Ksi\u0119gowo\u015b\u0107 bran\u017cowa: IT, Transport i Budownictwo [2026]<\/title>\n<meta name=\"description\" content=\"Profesjonalne wsparcie ksi\u0119gowe dla kluczowych bran\u017c w Polsce. \ud83c\udfe2 Obs\u0142uga IT, transportu, budownictwa i e-commerce w 2026 roku.\" \/>\n<meta name=\"robots\" content=\"index, follow, max-snippet:-1, max-image-preview:large, max-video-preview:-1\" \/>\n<link rel=\"canonical\" href=\"https:\/\/finansowyflex.pl\/pl\/branze\/\" \/>\n<meta property=\"og:locale\" content=\"pl_PL\" \/>\n<meta property=\"og:type\" content=\"article\" \/>\n<meta property=\"og:title\" content=\"Ksi\u0119gowo\u015b\u0107 bran\u017cowa: IT, Transport i Budownictwo [2026]\" \/>\n<meta property=\"og:description\" content=\"Profesjonalne wsparcie ksi\u0119gowe dla kluczowych bran\u017c w Polsce. \ud83c\udfe2 Obs\u0142uga IT, transportu, budownictwa i e-commerce w 2026 roku.\" \/>\n<meta property=\"og:url\" content=\"https:\/\/finansowyflex.pl\/pl\/branze\/\" \/>\n<meta property=\"og:site_name\" content=\"Finansowy Flex\" \/>\n<meta property=\"article:modified_time\" content=\"2026-01-25T18:46:24+00:00\" \/>\n<meta name=\"twitter:card\" content=\"summary_large_image\" \/>\n<script type=\"application\/ld+json\" class=\"yoast-schema-graph\">{\"@context\":\"https:\\\/\\\/schema.org\",\"@graph\":[{\"@type\":\"WebPage\",\"@id\":\"https:\\\/\\\/finansowyflex.pl\\\/pl\\\/branze\\\/\",\"url\":\"https:\\\/\\\/finansowyflex.pl\\\/pl\\\/branze\\\/\",\"name\":\"Ksi\u0119gowo\u015b\u0107 bran\u017cowa: IT, Transport i Budownictwo [2026]\",\"isPartOf\":{\"@id\":\"https:\\\/\\\/finansowyflex.pl\\\/pl\\\/#website\"},\"datePublished\":\"2025-05-20T15:40:57+00:00\",\"dateModified\":\"2026-01-25T18:46:24+00:00\",\"description\":\"Profesjonalne wsparcie ksi\u0119gowe dla kluczowych bran\u017c w Polsce. \ud83c\udfe2 Obs\u0142uga IT, transportu, budownictwa i e-commerce w 2026 roku.\",\"breadcrumb\":{\"@id\":\"https:\\\/\\\/finansowyflex.pl\\\/pl\\\/branze\\\/#breadcrumb\"},\"inLanguage\":\"pl-PL\",\"potentialAction\":[{\"@type\":\"ReadAction\",\"target\":[\"https:\\\/\\\/finansowyflex.pl\\\/pl\\\/branze\\\/\"]}]},{\"@type\":\"BreadcrumbList\",\"@id\":\"https:\\\/\\\/finansowyflex.pl\\\/pl\\\/branze\\\/#breadcrumb\",\"itemListElement\":[{\"@type\":\"ListItem\",\"position\":1,\"name\":\"Strona g\u0142\u00f3wna\",\"item\":\"https:\\\/\\\/finansowyflex.pl\\\/pl\\\/\"},{\"@type\":\"ListItem\",\"position\":2,\"name\":\"Bran\u017ce\"}]},{\"@type\":\"WebSite\",\"@id\":\"https:\\\/\\\/finansowyflex.pl\\\/pl\\\/#website\",\"url\":\"https:\\\/\\\/finansowyflex.pl\\\/pl\\\/\",\"name\":\"Finansowy Flex\",\"description\":\"\",\"potentialAction\":[{\"@type\":\"SearchAction\",\"target\":{\"@type\":\"EntryPoint\",\"urlTemplate\":\"https:\\\/\\\/finansowyflex.pl\\\/pl\\\/?s={search_term_string}\"},\"query-input\":{\"@type\":\"PropertyValueSpecification\",\"valueRequired\":true,\"valueName\":\"search_term_string\"}}],\"inLanguage\":\"pl-PL\"}]}<\/script>\n<!-- \/ Yoast SEO plugin. -->","yoast_head_json":{"title":"Ksi\u0119gowo\u015b\u0107 bran\u017cowa: IT, Transport i Budownictwo [2026]","description":"Profesjonalne wsparcie ksi\u0119gowe dla kluczowych bran\u017c w Polsce. \ud83c\udfe2 Obs\u0142uga IT, transportu, budownictwa i e-commerce w 2026 roku.","robots":{"index":"index","follow":"follow","max-snippet":"max-snippet:-1","max-image-preview":"max-image-preview:large","max-video-preview":"max-video-preview:-1"},"canonical":"https:\/\/finansowyflex.pl\/pl\/branze\/","og_locale":"pl_PL","og_type":"article","og_title":"Ksi\u0119gowo\u015b\u0107 bran\u017cowa: IT, Transport i Budownictwo [2026]","og_description":"Profesjonalne wsparcie ksi\u0119gowe dla kluczowych bran\u017c w Polsce. \ud83c\udfe2 Obs\u0142uga IT, transportu, budownictwa i e-commerce w 2026 roku.","og_url":"https:\/\/finansowyflex.pl\/pl\/branze\/","og_site_name":"Finansowy Flex","article_modified_time":"2026-01-25T18:46:24+00:00","twitter_card":"summary_large_image","schema":{"@context":"https:\/\/schema.org","@graph":[{"@type":"WebPage","@id":"https:\/\/finansowyflex.pl\/pl\/branze\/","url":"https:\/\/finansowyflex.pl\/pl\/branze\/","name":"Ksi\u0119gowo\u015b\u0107 bran\u017cowa: IT, Transport i Budownictwo [2026]","isPartOf":{"@id":"https:\/\/finansowyflex.pl\/pl\/#website"},"datePublished":"2025-05-20T15:40:57+00:00","dateModified":"2026-01-25T18:46:24+00:00","description":"Profesjonalne wsparcie ksi\u0119gowe dla kluczowych bran\u017c w Polsce. \ud83c\udfe2 Obs\u0142uga IT, transportu, budownictwa i e-commerce w 2026 roku.","breadcrumb":{"@id":"https:\/\/finansowyflex.pl\/pl\/branze\/#breadcrumb"},"inLanguage":"pl-PL","potentialAction":[{"@type":"ReadAction","target":["https:\/\/finansowyflex.pl\/pl\/branze\/"]}]},{"@type":"BreadcrumbList","@id":"https:\/\/finansowyflex.pl\/pl\/branze\/#breadcrumb","itemListElement":[{"@type":"ListItem","position":1,"name":"Strona g\u0142\u00f3wna","item":"https:\/\/finansowyflex.pl\/pl\/"},{"@type":"ListItem","position":2,"name":"Bran\u017ce"}]},{"@type":"WebSite","@id":"https:\/\/finansowyflex.pl\/pl\/#website","url":"https:\/\/finansowyflex.pl\/pl\/","name":"Finansowy Flex","description":"","potentialAction":[{"@type":"SearchAction","target":{"@type":"EntryPoint","urlTemplate":"https:\/\/finansowyflex.pl\/pl\/?s={search_term_string}"},"query-input":{"@type":"PropertyValueSpecification","valueRequired":true,"valueName":"search_term_string"}}],"inLanguage":"pl-PL"}]}},"_links":{"self":[{"href":"https:\/\/finansowyflex.pl\/pl\/wp-json\/wp\/v2\/pages\/2893","targetHints":{"allow":["GET"]}}],"collection":[{"href":"https:\/\/finansowyflex.pl\/pl\/wp-json\/wp\/v2\/pages"}],"about":[{"href":"https:\/\/finansowyflex.pl\/pl\/wp-json\/wp\/v2\/types\/page"}],"author":[{"embeddable":true,"href":"https:\/\/finansowyflex.pl\/pl\/wp-json\/wp\/v2\/users\/1"}],"replies":[{"embeddable":true,"href":"https:\/\/finansowyflex.pl\/pl\/wp-json\/wp\/v2\/comments?post=2893"}],"version-history":[{"count":1,"href":"https:\/\/finansowyflex.pl\/pl\/wp-json\/wp\/v2\/pages\/2893\/revisions"}],"predecessor-version":[{"id":5119,"href":"https:\/\/finansowyflex.pl\/pl\/wp-json\/wp\/v2\/pages\/2893\/revisions\/5119"}],"wp:attachment":[{"href":"https:\/\/finansowyflex.pl\/pl\/wp-json\/wp\/v2\/media?parent=2893"}],"curies":[{"name":"wp","href":"https:\/\/api.w.org\/{rel}","templated":true}]}}