{"id":2889,"date":"2025-05-20T18:41:15","date_gmt":"2025-05-20T15:41:15","guid":{"rendered":"https:\/\/finansowyflex.pl\/cena-uslug-ksiegowych\/"},"modified":"2026-01-25T21:41:10","modified_gmt":"2026-01-25T18:41:10","slug":"cena-uslug-ksiegowych","status":"publish","type":"page","link":"https:\/\/finansowyflex.pl\/pl\/cena-uslug-ksiegowych\/","title":{"rendered":"Cena us\u0142ug ksi\u0119gowych"},"content":{"rendered":"<p>Dowiedz si\u0119, ile b\u0119dzie kosztowa\u0107 prowadzenie ksi\u0119gowo\u015bci Twojej firmy w Polsce. Prosty kalkulator pomo\u017ce obliczy\u0107 cen\u0119 us\u0142ug: wybierz form\u0119 dzia\u0142alno\u015bci (JDG lub Sp. z o.o.), podaj ilo\u015b\u0107 dokument\u00f3w oraz liczb\u0119 pracownik\u00f3w \u2014 i od razu otrzymasz orientacyjny miesi\u0119czny koszt wraz z VAT. <\/p>\n","protected":false},"excerpt":{"rendered":"<p>Dowiedz si\u0119, ile b\u0119dzie kosztowa\u0107 prowadzenie ksi\u0119gowo\u015bci Twojej firmy w Polsce. Prosty kalkulator&#8230;<\/p>\n","protected":false},"author":1,"featured_media":0,"parent":0,"menu_order":0,"comment_status":"closed","ping_status":"closed","template":"templates\/calc.php","meta":{"_acf_changed":false,"footnotes":""},"class_list":["post-2889","page","type-page","status-publish","hentry"],"acf":[],"yoast_head":"<!-- This site is optimized with the Yoast SEO plugin v27.5 - https:\/\/yoast.com\/product\/yoast-seo-wordpress\/ -->\n<title>Cennik Us\u0142ug Ksi\u0119gowych w Polsce | Kalkulator Online 2026<\/title>\n<meta name=\"description\" content=\"Sprawd\u017a ile kosztuje ksi\u0119gowo\u015b\u0107 dla Twojej firmy w 2026 roku. Skorzystaj z darmowego kalkulatora online dla JDG i Sp\u00f3\u0142ek z o.o\" \/>\n<meta name=\"robots\" content=\"index, follow, max-snippet:-1, max-image-preview:large, max-video-preview:-1\" \/>\n<link rel=\"canonical\" href=\"https:\/\/finansowyflex.pl\/pl\/cena-uslug-ksiegowych\/\" \/>\n<meta property=\"og:locale\" content=\"pl_PL\" \/>\n<meta property=\"og:type\" content=\"article\" \/>\n<meta property=\"og:title\" content=\"Cennik Us\u0142ug Ksi\u0119gowych w Polsce | Kalkulator Online 2026\" \/>\n<meta property=\"og:description\" content=\"Sprawd\u017a ile kosztuje ksi\u0119gowo\u015b\u0107 dla Twojej firmy w 2026 roku. Skorzystaj z darmowego kalkulatora online dla JDG i Sp\u00f3\u0142ek z o.o\" \/>\n<meta property=\"og:url\" content=\"https:\/\/finansowyflex.pl\/pl\/cena-uslug-ksiegowych\/\" \/>\n<meta property=\"og:site_name\" content=\"Finansowy Flex\" \/>\n<meta property=\"article:modified_time\" content=\"2026-01-25T18:41:10+00:00\" \/>\n<meta name=\"twitter:card\" content=\"summary_large_image\" \/>\n<meta name=\"twitter:label1\" content=\"Szacowany czas czytania\" \/>\n\t<meta name=\"twitter:data1\" content=\"1 minuta\" \/>\n<script type=\"application\/ld+json\" class=\"yoast-schema-graph\">{\"@context\":\"https:\\\/\\\/schema.org\",\"@graph\":[{\"@type\":\"WebPage\",\"@id\":\"https:\\\/\\\/finansowyflex.pl\\\/pl\\\/cena-uslug-ksiegowych\\\/\",\"url\":\"https:\\\/\\\/finansowyflex.pl\\\/pl\\\/cena-uslug-ksiegowych\\\/\",\"name\":\"Cennik Us\u0142ug Ksi\u0119gowych w Polsce | Kalkulator Online 2026\",\"isPartOf\":{\"@id\":\"https:\\\/\\\/finansowyflex.pl\\\/pl\\\/#website\"},\"datePublished\":\"2025-05-20T15:41:15+00:00\",\"dateModified\":\"2026-01-25T18:41:10+00:00\",\"description\":\"Sprawd\u017a ile kosztuje ksi\u0119gowo\u015b\u0107 dla Twojej firmy w 2026 roku. Skorzystaj z darmowego kalkulatora online dla JDG i Sp\u00f3\u0142ek z o.o\",\"breadcrumb\":{\"@id\":\"https:\\\/\\\/finansowyflex.pl\\\/pl\\\/cena-uslug-ksiegowych\\\/#breadcrumb\"},\"inLanguage\":\"pl-PL\",\"potentialAction\":[{\"@type\":\"ReadAction\",\"target\":[\"https:\\\/\\\/finansowyflex.pl\\\/pl\\\/cena-uslug-ksiegowych\\\/\"]}]},{\"@type\":\"BreadcrumbList\",\"@id\":\"https:\\\/\\\/finansowyflex.pl\\\/pl\\\/cena-uslug-ksiegowych\\\/#breadcrumb\",\"itemListElement\":[{\"@type\":\"ListItem\",\"position\":1,\"name\":\"Strona g\u0142\u00f3wna\",\"item\":\"https:\\\/\\\/finansowyflex.pl\\\/pl\\\/\"},{\"@type\":\"ListItem\",\"position\":2,\"name\":\"Cena us\u0142ug ksi\u0119gowych\"}]},{\"@type\":\"WebSite\",\"@id\":\"https:\\\/\\\/finansowyflex.pl\\\/pl\\\/#website\",\"url\":\"https:\\\/\\\/finansowyflex.pl\\\/pl\\\/\",\"name\":\"Finansowy Flex\",\"description\":\"\",\"potentialAction\":[{\"@type\":\"SearchAction\",\"target\":{\"@type\":\"EntryPoint\",\"urlTemplate\":\"https:\\\/\\\/finansowyflex.pl\\\/pl\\\/?s={search_term_string}\"},\"query-input\":{\"@type\":\"PropertyValueSpecification\",\"valueRequired\":true,\"valueName\":\"search_term_string\"}}],\"inLanguage\":\"pl-PL\"}]}<\/script>\n<!-- \/ Yoast SEO plugin. -->","yoast_head_json":{"title":"Cennik Us\u0142ug Ksi\u0119gowych w Polsce | Kalkulator Online 2026","description":"Sprawd\u017a ile kosztuje ksi\u0119gowo\u015b\u0107 dla Twojej firmy w 2026 roku. Skorzystaj z darmowego kalkulatora online dla JDG i Sp\u00f3\u0142ek z o.o","robots":{"index":"index","follow":"follow","max-snippet":"max-snippet:-1","max-image-preview":"max-image-preview:large","max-video-preview":"max-video-preview:-1"},"canonical":"https:\/\/finansowyflex.pl\/pl\/cena-uslug-ksiegowych\/","og_locale":"pl_PL","og_type":"article","og_title":"Cennik Us\u0142ug Ksi\u0119gowych w Polsce | Kalkulator Online 2026","og_description":"Sprawd\u017a ile kosztuje ksi\u0119gowo\u015b\u0107 dla Twojej firmy w 2026 roku. Skorzystaj z darmowego kalkulatora online dla JDG i Sp\u00f3\u0142ek z o.o","og_url":"https:\/\/finansowyflex.pl\/pl\/cena-uslug-ksiegowych\/","og_site_name":"Finansowy Flex","article_modified_time":"2026-01-25T18:41:10+00:00","twitter_card":"summary_large_image","twitter_misc":{"Szacowany czas czytania":"1 minuta"},"schema":{"@context":"https:\/\/schema.org","@graph":[{"@type":"WebPage","@id":"https:\/\/finansowyflex.pl\/pl\/cena-uslug-ksiegowych\/","url":"https:\/\/finansowyflex.pl\/pl\/cena-uslug-ksiegowych\/","name":"Cennik Us\u0142ug Ksi\u0119gowych w Polsce | Kalkulator Online 2026","isPartOf":{"@id":"https:\/\/finansowyflex.pl\/pl\/#website"},"datePublished":"2025-05-20T15:41:15+00:00","dateModified":"2026-01-25T18:41:10+00:00","description":"Sprawd\u017a ile kosztuje ksi\u0119gowo\u015b\u0107 dla Twojej firmy w 2026 roku. Skorzystaj z darmowego kalkulatora online dla JDG i Sp\u00f3\u0142ek z o.o","breadcrumb":{"@id":"https:\/\/finansowyflex.pl\/pl\/cena-uslug-ksiegowych\/#breadcrumb"},"inLanguage":"pl-PL","potentialAction":[{"@type":"ReadAction","target":["https:\/\/finansowyflex.pl\/pl\/cena-uslug-ksiegowych\/"]}]},{"@type":"BreadcrumbList","@id":"https:\/\/finansowyflex.pl\/pl\/cena-uslug-ksiegowych\/#breadcrumb","itemListElement":[{"@type":"ListItem","position":1,"name":"Strona g\u0142\u00f3wna","item":"https:\/\/finansowyflex.pl\/pl\/"},{"@type":"ListItem","position":2,"name":"Cena us\u0142ug ksi\u0119gowych"}]},{"@type":"WebSite","@id":"https:\/\/finansowyflex.pl\/pl\/#website","url":"https:\/\/finansowyflex.pl\/pl\/","name":"Finansowy Flex","description":"","potentialAction":[{"@type":"SearchAction","target":{"@type":"EntryPoint","urlTemplate":"https:\/\/finansowyflex.pl\/pl\/?s={search_term_string}"},"query-input":{"@type":"PropertyValueSpecification","valueRequired":true,"valueName":"search_term_string"}}],"inLanguage":"pl-PL"}]}},"_links":{"self":[{"href":"https:\/\/finansowyflex.pl\/pl\/wp-json\/wp\/v2\/pages\/2889","targetHints":{"allow":["GET"]}}],"collection":[{"href":"https:\/\/finansowyflex.pl\/pl\/wp-json\/wp\/v2\/pages"}],"about":[{"href":"https:\/\/finansowyflex.pl\/pl\/wp-json\/wp\/v2\/types\/page"}],"author":[{"embeddable":true,"href":"https:\/\/finansowyflex.pl\/pl\/wp-json\/wp\/v2\/users\/1"}],"replies":[{"embeddable":true,"href":"https:\/\/finansowyflex.pl\/pl\/wp-json\/wp\/v2\/comments?post=2889"}],"version-history":[{"count":1,"href":"https:\/\/finansowyflex.pl\/pl\/wp-json\/wp\/v2\/pages\/2889\/revisions"}],"predecessor-version":[{"id":5004,"href":"https:\/\/finansowyflex.pl\/pl\/wp-json\/wp\/v2\/pages\/2889\/revisions\/5004"}],"wp:attachment":[{"href":"https:\/\/finansowyflex.pl\/pl\/wp-json\/wp\/v2\/media?parent=2889"}],"curies":[{"name":"wp","href":"https:\/\/api.w.org\/{rel}","templated":true}]}}