{"id":1695,"date":"2025-05-20T17:44:05","date_gmt":"2025-05-20T14:44:05","guid":{"rendered":"https:\/\/finansowyflex.pl\/?page_id=1695"},"modified":"2026-01-27T22:06:54","modified_gmt":"2026-01-27T19:06:54","slug":"glavnaya","status":"publish","type":"page","link":"https:\/\/finansowyflex.pl\/pl\/","title":{"rendered":"Strona g\u0142\u00f3wna"},"content":{"rendered":"<h2> Profesjonalny zesp\u00f3\u0142. Nowoczesne narz\u0119dzia.<\/h2>\n<p class=\"paragraph\"><strong>FINANSOWY FLEX<\/strong> \u2014 serwis ksi\u0119gowy dla tych, kt\u00f3rzy ceni\u0105 profesjonalizm. G\u0142\u0119boka wiedza, dopracowane procesy i odpowiedzialno\u015b\u0107 za ka\u017cdy termin. Nie upraszczamy \u2014 robimy to prawid\u0142owo. Twoje finanse \u2013 nasza odpowiedzialno\u015b\u0107   <\/p>\n<p class=\"paragraph-bold\"><strong>Wsp\u00f3\u0142pracuj\u0105 z nami przedsi\u0119biorcy z Warszawy, Gda\u0144ska, Wroc\u0142awia i innych miast w Polsce \u2014 szczeg\u00f3lnie ci, kt\u00f3rzy ceni\u0105 sobie szybko\u015b\u0107, dok\u0142adno\u015b\u0107 i szacunek do w\u0142asnego czasu.<\/strong><\/p>\n","protected":false},"excerpt":{"rendered":"<p>Profesjonalny zesp\u00f3\u0142. Nowoczesne narz\u0119dzia. FINANSOWY FLEX \u2014 serwis ksi\u0119gowy dla tych, kt\u00f3rzy ceni\u0105&#8230;<\/p>\n","protected":false},"author":1,"featured_media":0,"parent":0,"menu_order":0,"comment_status":"closed","ping_status":"closed","template":"templates\/home.php","meta":{"_acf_changed":false,"footnotes":""},"class_list":["post-1695","page","type-page","status-publish","hentry"],"acf":[],"yoast_head":"<!-- This site is optimized with the Yoast SEO plugin v27.6 - https:\/\/yoast.com\/product\/yoast-seo-wordpress\/ -->\n<title>Zajmujemy si\u0119 Twoj\u0105 sprawozdawczo\u015bci\u0105 \u2014 bez ryzyka kar.<\/title>\n<meta name=\"description\" content=\"Kompleksowa obs\u0142uga ksi\u0119gowa dla firm. Obni\u017camy podatki, chronimy przed kontrolami. Bezp\u0142atny audyt Twojej dokumentacji!\" \/>\n<meta name=\"robots\" content=\"index, follow, max-snippet:-1, max-image-preview:large, max-video-preview:-1\" \/>\n<link rel=\"canonical\" href=\"https:\/\/finansowyflex.pl\/pl\/\" \/>\n<meta property=\"og:locale\" content=\"pl_PL\" \/>\n<meta property=\"og:type\" content=\"article\" \/>\n<meta property=\"og:title\" content=\"Zajmujemy si\u0119 Twoj\u0105 sprawozdawczo\u015bci\u0105 \u2014 bez ryzyka kar.\" \/>\n<meta property=\"og:description\" content=\"Kompleksowa obs\u0142uga ksi\u0119gowa dla firm. Obni\u017camy podatki, chronimy przed kontrolami. Bezp\u0142atny audyt Twojej dokumentacji!\" \/>\n<meta property=\"og:url\" content=\"https:\/\/finansowyflex.pl\/pl\/\" \/>\n<meta property=\"og:site_name\" content=\"Finansowy Flex\" \/>\n<meta property=\"article:modified_time\" content=\"2026-01-27T19:06:54+00:00\" \/>\n<meta name=\"twitter:card\" content=\"summary_large_image\" \/>\n<meta name=\"twitter:label1\" content=\"Szacowany czas czytania\" \/>\n\t<meta name=\"twitter:data1\" content=\"1 minuta\" \/>\n<script type=\"application\/ld+json\" class=\"yoast-schema-graph\">{\"@context\":\"https:\\\/\\\/schema.org\",\"@graph\":[{\"@type\":\"WebPage\",\"@id\":\"https:\\\/\\\/finansowyflex.pl\\\/pl\\\/\",\"url\":\"https:\\\/\\\/finansowyflex.pl\\\/pl\\\/\",\"name\":\"Zajmujemy si\u0119 Twoj\u0105 sprawozdawczo\u015bci\u0105 \u2014 bez ryzyka kar.\",\"isPartOf\":{\"@id\":\"https:\\\/\\\/finansowyflex.pl\\\/pl\\\/#website\"},\"datePublished\":\"2025-05-20T14:44:05+00:00\",\"dateModified\":\"2026-01-27T19:06:54+00:00\",\"description\":\"Kompleksowa obs\u0142uga ksi\u0119gowa dla firm. Obni\u017camy podatki, chronimy przed kontrolami. Bezp\u0142atny audyt Twojej dokumentacji!\",\"breadcrumb\":{\"@id\":\"https:\\\/\\\/finansowyflex.pl\\\/pl\\\/#breadcrumb\"},\"inLanguage\":\"pl-PL\",\"potentialAction\":[{\"@type\":\"ReadAction\",\"target\":[\"https:\\\/\\\/finansowyflex.pl\\\/pl\\\/\"]}]},{\"@type\":\"BreadcrumbList\",\"@id\":\"https:\\\/\\\/finansowyflex.pl\\\/pl\\\/#breadcrumb\",\"itemListElement\":[{\"@type\":\"ListItem\",\"position\":1,\"name\":\"Strona g\u0142\u00f3wna\",\"item\":\"https:\\\/\\\/finansowyflex.pl\\\/pl\\\/\"},{\"@type\":\"ListItem\",\"position\":2,\"name\":\"Strona g\u0142\u00f3wna\"}]},{\"@type\":\"WebSite\",\"@id\":\"https:\\\/\\\/finansowyflex.pl\\\/pl\\\/#website\",\"url\":\"https:\\\/\\\/finansowyflex.pl\\\/pl\\\/\",\"name\":\"Finansowy Flex\",\"description\":\"\",\"potentialAction\":[{\"@type\":\"SearchAction\",\"target\":{\"@type\":\"EntryPoint\",\"urlTemplate\":\"https:\\\/\\\/finansowyflex.pl\\\/pl\\\/?s={search_term_string}\"},\"query-input\":{\"@type\":\"PropertyValueSpecification\",\"valueRequired\":true,\"valueName\":\"search_term_string\"}}],\"inLanguage\":\"pl-PL\"}]}<\/script>\n<!-- \/ Yoast SEO plugin. -->","yoast_head_json":{"title":"Zajmujemy si\u0119 Twoj\u0105 sprawozdawczo\u015bci\u0105 \u2014 bez ryzyka kar.","description":"Kompleksowa obs\u0142uga ksi\u0119gowa dla firm. Obni\u017camy podatki, chronimy przed kontrolami. Bezp\u0142atny audyt Twojej dokumentacji!","robots":{"index":"index","follow":"follow","max-snippet":"max-snippet:-1","max-image-preview":"max-image-preview:large","max-video-preview":"max-video-preview:-1"},"canonical":"https:\/\/finansowyflex.pl\/pl\/","og_locale":"pl_PL","og_type":"article","og_title":"Zajmujemy si\u0119 Twoj\u0105 sprawozdawczo\u015bci\u0105 \u2014 bez ryzyka kar.","og_description":"Kompleksowa obs\u0142uga ksi\u0119gowa dla firm. Obni\u017camy podatki, chronimy przed kontrolami. Bezp\u0142atny audyt Twojej dokumentacji!","og_url":"https:\/\/finansowyflex.pl\/pl\/","og_site_name":"Finansowy Flex","article_modified_time":"2026-01-27T19:06:54+00:00","twitter_card":"summary_large_image","twitter_misc":{"Szacowany czas czytania":"1 minuta"},"schema":{"@context":"https:\/\/schema.org","@graph":[{"@type":"WebPage","@id":"https:\/\/finansowyflex.pl\/pl\/","url":"https:\/\/finansowyflex.pl\/pl\/","name":"Zajmujemy si\u0119 Twoj\u0105 sprawozdawczo\u015bci\u0105 \u2014 bez ryzyka kar.","isPartOf":{"@id":"https:\/\/finansowyflex.pl\/pl\/#website"},"datePublished":"2025-05-20T14:44:05+00:00","dateModified":"2026-01-27T19:06:54+00:00","description":"Kompleksowa obs\u0142uga ksi\u0119gowa dla firm. Obni\u017camy podatki, chronimy przed kontrolami. Bezp\u0142atny audyt Twojej dokumentacji!","breadcrumb":{"@id":"https:\/\/finansowyflex.pl\/pl\/#breadcrumb"},"inLanguage":"pl-PL","potentialAction":[{"@type":"ReadAction","target":["https:\/\/finansowyflex.pl\/pl\/"]}]},{"@type":"BreadcrumbList","@id":"https:\/\/finansowyflex.pl\/pl\/#breadcrumb","itemListElement":[{"@type":"ListItem","position":1,"name":"Strona g\u0142\u00f3wna","item":"https:\/\/finansowyflex.pl\/pl\/"},{"@type":"ListItem","position":2,"name":"Strona g\u0142\u00f3wna"}]},{"@type":"WebSite","@id":"https:\/\/finansowyflex.pl\/pl\/#website","url":"https:\/\/finansowyflex.pl\/pl\/","name":"Finansowy Flex","description":"","potentialAction":[{"@type":"SearchAction","target":{"@type":"EntryPoint","urlTemplate":"https:\/\/finansowyflex.pl\/pl\/?s={search_term_string}"},"query-input":{"@type":"PropertyValueSpecification","valueRequired":true,"valueName":"search_term_string"}}],"inLanguage":"pl-PL"}]}},"_links":{"self":[{"href":"https:\/\/finansowyflex.pl\/pl\/wp-json\/wp\/v2\/pages\/1695","targetHints":{"allow":["GET"]}}],"collection":[{"href":"https:\/\/finansowyflex.pl\/pl\/wp-json\/wp\/v2\/pages"}],"about":[{"href":"https:\/\/finansowyflex.pl\/pl\/wp-json\/wp\/v2\/types\/page"}],"author":[{"embeddable":true,"href":"https:\/\/finansowyflex.pl\/pl\/wp-json\/wp\/v2\/users\/1"}],"replies":[{"embeddable":true,"href":"https:\/\/finansowyflex.pl\/pl\/wp-json\/wp\/v2\/comments?post=1695"}],"version-history":[{"count":1,"href":"https:\/\/finansowyflex.pl\/pl\/wp-json\/wp\/v2\/pages\/1695\/revisions"}],"predecessor-version":[{"id":5126,"href":"https:\/\/finansowyflex.pl\/pl\/wp-json\/wp\/v2\/pages\/1695\/revisions\/5126"}],"wp:attachment":[{"href":"https:\/\/finansowyflex.pl\/pl\/wp-json\/wp\/v2\/media?parent=1695"}],"curies":[{"name":"wp","href":"https:\/\/api.w.org\/{rel}","templated":true}]}}